{"id":18042,"date":"2020-11-09T10:30:35","date_gmt":"2020-11-09T10:30:35","guid":{"rendered":"https:\/\/wayava.net\/?page_id=18042"},"modified":"2020-11-09T10:41:24","modified_gmt":"2020-11-09T10:41:24","slug":"politica-de-cookies","status":"publish","type":"page","link":"https:\/\/wayava.net\/?page_id=18042","title":{"rendered":"Pol\u00edtica de cookies"},"content":{"rendered":"<h1>Pol\u00edtica de cookies<\/h1>\n<p>Aquesta pol\u00edtica de cookies t\u00e9 per finalitat informar de manera clara i precisa sobre les cookies que s\u2019utilitzen en la nostra web.<\/p>\n<p>Utilitzem cookies pr\u00f2pies i de tercers per a millorar els nostres serveis, personalitzar el nostre lloc web, facilitar la navegaci\u00f3 dels nostres usuaris, proporcionar-li una millor experi\u00e8ncia en l\u2019\u00fas del lloc web, identificar problemes per a millorar el mateix, fer mesuraments i estad\u00edstiques d\u2019\u00fas i mostrar-li publicitat relacionada amb les seves prefer\u00e8ncies mitjan\u00e7ant l\u2019an\u00e0lisi de l\u2019\u00fas del lloc web.<\/p>\n<p>L\u2019informem que podem utilitzar cookies en el seu equip a condici\u00f3 que l\u2019\/la usuari\/a hagi donat el seu consentiment, excepte en els sup\u00f2sits en els quals les cookies siguin necess\u00e0ries per a la navegaci\u00f3 pel nostre lloc web. En cas que presti el seu consentiment, podrem utilitzar cookies que ens permetran tenir m\u00e9s informaci\u00f3 sobre les seves prefer\u00e8ncies i personalitzar el nostre lloc web de conformitat amb els seus interessos individuals.<\/p>\n<p><strong>QU\u00c8 S\u00d3N LES COOKIES?<\/strong><\/p>\n<p>Les cookies i altres tecnologies similars com ara local shared objects, flaix cookies o p\u00edxels, s\u00f3n eines utilitzades pels servidors Web per a emmagatzemar i recuperar informaci\u00f3 sobre els seus visitants, aix\u00ed com per a oferir un correcte funcionament del lloc.<\/p>\n<p><strong>TIPUS DE COOKIES<\/strong><\/p>\n<p><strong>Tipus de cookies en funci\u00f3 de l\u2019entitat que les gestioni:<\/strong><\/p>\n<ul>\n<li><strong>Cookies pr\u00f2pie<\/strong>s: s\u00f3n aquelles que s\u2019envien a l\u2019equip terminal de l\u2019usuari des d\u2019un equip o domini gestionat pel titular de la p\u00e0gina web i des de la qual es presta el servei sol\u00b7licitat per l\u2019usuari.<\/li>\n<li><strong>Cookies de tercers<\/strong>: s\u00f3n aquelles que s\u2019envien a l\u2019equip terminal de l\u2019usuari des d\u2019un equip o domini que no \u00e9s gestionat pel titular de la p\u00e0gina web des de la qual es presta el servei sol\u00b7licitat per l\u2019usuari, sin\u00f3 per una altra entitat que tracta les dades obtingudes trav\u00e9s de les cookies. Aix\u00ed mateix, en el cas que les cookies siguin instal\u00b7lades des d\u2019un equip o domini gestionat pel propi titular del lloc web per\u00f2 la informaci\u00f3 que es reculli mitjan\u00e7ant aquestes sigui gestionada per un tercer, tamb\u00e9 seran considerades com a cookies de tercers.<\/li>\n<\/ul>\n<p><strong>Tipus de cookies segons la finalitat:<\/strong><\/p>\n<ul>\n<li><strong>Cookies t\u00e8cniques<\/strong>: s\u00f3n aquelles que permeten a l\u2019usuari la navegaci\u00f3 a trav\u00e9s d\u2019una p\u00e0gina web, plataforma o aplicaci\u00f3 i la utilitzaci\u00f3 de les diferents opcions o serveis que en ella existeixin, incloent aquelles que l\u2019editor utilitza per a permetre la gesti\u00f3 i operativa de la p\u00e0gina web i habilitar les seves funcions i serveis, com, per exemple, controlar el tr\u00e0nsit i la comunicaci\u00f3 de dades, identificar la sessi\u00f3, accedir a parts d\u2019acc\u00e9s restringit, recordar els elements que integren una comanda, realitzar el proc\u00e9s de compra d\u2019una comanda, gestionar el pagament, controlar el frau vinculat a la seguretat del servei, realitzar la sol\u00b7licitud d\u2019inscripci\u00f3 o participaci\u00f3 en un esdeveniment, comptar visites a l\u2019efecte de la facturaci\u00f3 de llic\u00e8ncies del programari amb el qual funciona el servei (lloc web, plataforma o aplicaci\u00f3), utilitzar elements de seguretat durant la navegaci\u00f3, emmagatzemar continguts per a la difusi\u00f3 de v\u00eddeos o so, habilitar continguts din\u00e0mics (per exemple, animaci\u00f3 de c\u00e0rrega d\u2019un text o imatge) o compartir continguts a trav\u00e9s de xarxes socials.<\/li>\n<\/ul>\n<p>Tamb\u00e9 pertanyen a aquesta categoria, per la seva naturalesa t\u00e8cnica, aquelles cookies que permeten la gesti\u00f3, de la forma m\u00e9s efica\u00e7 possible, dels espais publicitaris que, com un element m\u00e9s de disseny o \u201cmaquetaci\u00f3\u201d del servei ofert a l\u2019usuari, l\u2019editor hagi incl\u00f2s en una p\u00e0gina web, aplicaci\u00f3 o plataforma sobre la base de criteris com el contingut editat, sense que es recopili informaci\u00f3 dels usuaris amb finalitats diferents, com pot ser personalitzar aquest contingut publicitari o altres continguts.<\/p>\n<ul>\n<li><strong>Cookies de prefer\u00e8ncies o personalitzaci\u00f3<\/strong>: s\u00f3n aquelles que permeten recordar informaci\u00f3 perqu\u00e8 l\u2019usuari accedeixi al servei amb determinades caracter\u00edstiques que poden diferenciar la seva experi\u00e8ncia de la d\u2019altres usuaris, com, per exemple, l\u2019idioma, el nombre de resultats a mostrar quan l\u2019usuari realitza una cerca, l\u2019aspecte o contingut del servei en funci\u00f3 de la mena de navegador a trav\u00e9s del qual l\u2019usuari accedeix al servei o de la regi\u00f3 des de la qual accedeix al servei, etc.<\/li>\n<li><strong>Cookies d\u2019an\u00e0lisis o mesurament<\/strong>: s\u00f3n aquelles que permeten al responsable de les mateixes el seguiment i an\u00e0lisi del comportament dels usuaris dels llocs web als quals estan vinculades, inclosa la quantificaci\u00f3 dels impactes dels anuncis. La informaci\u00f3 recollida mitjan\u00e7ant aquesta mena de cookies s\u2019utilitza en el mesurament de l\u2019activitat dels llocs web, aplicaci\u00f3 o plataforma, amb la finalitat d\u2019introduir millores en funci\u00f3 de l\u2019an\u00e0lisi de les dades d\u2019\u00fas que fan els usuaris del servei.<\/li>\n<li><strong>Cookies de publicitat comportamental<\/strong>: s\u00f3n aquelles que permeten la gesti\u00f3, de la forma m\u00e9s efica\u00e7 possible, dels espais publicitaris que hi ha en la p\u00e0gina web. Aquestes cookies emmagatzemen informaci\u00f3 del comportament dels usuaris obtinguda a trav\u00e9s de l\u2019observaci\u00f3 continuada dels seus h\u00e0bits de navegaci\u00f3, la qual cosa permet desenvolupar un perfil espec\u00edfic per a mostrar publicitat en funci\u00f3 d\u2019aquest.<\/li>\n<li><strong>Cookies de geolocalitzaci\u00f3<\/strong>: s\u2019utilitzen per a saber en quin lloc es troba un usuari quan sol\u00b7licita un servei. Aquesta cookie \u00e9s an\u00f2nima i s\u2019usa per exemple per a oferir-li la informaci\u00f3 adequada depenent del pa\u00eds en el qual es trobi.<\/li>\n<\/ul>\n<p><strong>Tipus de Cookies segons termini de temps que romanen activades:<\/strong><\/p>\n<ul>\n<li><strong>Cookies de sessi\u00f3<\/strong>: s\u00f3n aquelles dissenyades per a recaptar i emmagatzemar dades mentre l\u2019usuari accedeix a una p\u00e0gina web. Se solen emprar per a emmagatzemar informaci\u00f3 que nom\u00e9s interessa conservar per a la prestaci\u00f3 del servei sol\u00b7licitat per l\u2019usuari en una sola ocasi\u00f3 (per exemple, una llista de productes adquirits) i desapareixen en acabar la sessi\u00f3.<\/li>\n<li><strong>Cookies persistents<\/strong>: s\u00f3n aquelles en les quals les dades segueixen emmagatzemats en el terminal i poden ser accedits i tractats durant un per\u00edode definit pel responsable de la cookie, i que pot anar d\u2019uns minuts a diversos anys.<\/li>\n<\/ul>\n<p><strong>COOKIES UTILITZADES EN LA NOSTRA WEB<\/strong><\/p>\n<table class=\"wt-cli-element cookielawinfo-classic cookielawinfo-row-cat-table\"><thead><tr><th scope=\"col\" class=\"cookielawinfo-column-1\">Cookie<\/th><th scope=\"col\" class=\"cookielawinfo-column-2\">Tipus<\/th><th scope=\"col\" class=\"cookielawinfo-column-3\">Duraci\u00f3<\/th><th scope=\"col\" class=\"cookielawinfo-column-4\">Descripci\u00f3<\/th><\/thead><tbody><tr class=\"cookielawinfo-row-cat-title\"><th colspan=\"4\" class=\"cookielawinfo-row-cat-title-head\">Necess\u00e0ries<\/th><\/tr><tr class=\"cookielawinfo-row\"><td class=\"cookielawinfo-column-1\">CookieLawInfoConsent<\/td><td class=\"cookielawinfo-column-2\"><\/td><td class=\"cookielawinfo-column-3\">1 any<\/td><td class=\"cookielawinfo-column-4\">La galeta s'utilitza per emmagatzemar el resum de l'consentiment atorgat per a l'\u00fas de cookies. No emmagatzema cap dada personal.<\/td><\/tr><tr class=\"cookielawinfo-row\"><td class=\"cookielawinfo-column-1\">cookielawinfo-checkbox-advertisement<\/td><td class=\"cookielawinfo-column-2\"><\/td><td class=\"cookielawinfo-column-3\">11 mesos<\/td><td class=\"cookielawinfo-column-4\">Aquesta galeta est\u00e0 configurada pel complement de consentiment de cookies de GDPR. El prop\u00f2sit d'aquesta galeta \u00e9s verificar si l'usuari ha donat el seu consentiment per a l'\u00fas de cookies en la categoria 'Publicitat'.<\/td><\/tr><tr class=\"cookielawinfo-row\"><td class=\"cookielawinfo-column-1\">viewed_cookie_policy<\/td><td class=\"cookielawinfo-column-2\">0<\/td><td class=\"cookielawinfo-column-3\">11 mesos<\/td><td class=\"cookielawinfo-column-4\">La cookie la defineix el connector de consentiment de cookies del GDPR i s\u2019utilitza per emmagatzemar si l\u2019usuari ha consentit o no l\u2019\u00fas de cookies. No emmagatzema cap dada personal.<\/td><\/tr><tr class=\"cookielawinfo-row\"><td class=\"cookielawinfo-column-1\">cookielawinfo-checkbox-necessary<\/td><td class=\"cookielawinfo-column-2\">0<\/td><td class=\"cookielawinfo-column-3\">11 mesos<\/td><td class=\"cookielawinfo-column-4\">Aquesta cookie la defineix el complement de consentiment de cookies de GDPR. Les cookies s\u2019utilitzen per emmagatzemar el consentiment de l\u2019usuari per a les cookies de la categoria \u201cNecess\u00e0ries\u201d.<\/td><\/tr><tr class=\"cookielawinfo-row\"><td class=\"cookielawinfo-column-1\">cookielawinfo-checkbox-non-necessary<\/td><td class=\"cookielawinfo-column-2\">0<\/td><td class=\"cookielawinfo-column-3\">11 mesos<\/td><td class=\"cookielawinfo-column-4\">Aquesta cookie la defineix el complement de consentiment de cookies de GDPR. Les cookies s'utilitzen per emmagatzemar el consentiment de l'usuari per a les cookies de la categoria \"No necess\u00e0ries\".<\/td><\/tr><tr class=\"cookielawinfo-row-cat-title\"><th colspan=\"4\" class=\"cookielawinfo-row-cat-title-head\">No Necess\u00e0ries<\/th><\/tr><tr class=\"cookielawinfo-row\"><td class=\"cookielawinfo-column-1\">cli_user_preference<\/td><td class=\"cookielawinfo-column-2\"><\/td><td class=\"cookielawinfo-column-3\">Sessi\u00f3<\/td><td class=\"cookielawinfo-column-4\">Aquesta galeta \u00e9s emmagatzemada pel connector GDPR Cookie Consent i s'utilitza per registrar si l'usuari ha consentit o no l'\u00fas de cookies. No emmagatzema cap dada personal.<\/td><\/tr><tr class=\"cookielawinfo-row-cat-title\"><th colspan=\"4\" class=\"cookielawinfo-row-cat-title-head\">Publicitat<\/th><\/tr><tr class=\"cookielawinfo-row\"><td class=\"cookielawinfo-column-1\">NID<\/td><td class=\"cookielawinfo-column-2\">1<\/td><td class=\"cookielawinfo-column-3\">6 mesos<\/td><td class=\"cookielawinfo-column-4\">Aquesta galeta s'utilitza per a un perfil basat en l'inter\u00e8s de l'usuari i mostrar anuncis personalitzats als usuaris.<\/td><\/tr><\/tbody><\/table>\n<p>&nbsp;<\/p>\n<p><strong>COM ES DESHABILITAN LES COOKIES EN ELS NAVEGADORS?<\/strong><\/p>\n<p>L\u2019usuari pot, en qualsevol moment, permetre, bloquejar o eliminar les cookies instal\u00b7lades en el seu equip mitjan\u00e7ant la modificaci\u00f3 dels par\u00e0metres de configuraci\u00f3 del navegador instal\u00b7lat en el seu ordinador:<\/p>\n<p><strong>Chrome:<\/strong> Configuraci\u00f3 -&gt; Mostrar opcions avan\u00e7ades -&gt; Privacitat -&gt; Configuraci\u00f3 del contingut.<br \/>\nPer a m\u00e9s informaci\u00f3, pot consultar el <a href=\"https:\/\/support.google.com\/chrome\/answer\/95647?hl=es&amp;sc_ref_bbva=https%3A%2F%2Fwww.bbva.es%2Fsistema%2Fmeta%2Faviso-legal%2Findex.jsp\" target=\"_blank\" rel=\"noopener noreferrer\">suport de Google<\/a> o l\u2019Ajuda del navegador.<\/p>\n<p><strong>Explorer<\/strong>: Eines -&gt; Opcions d\u2019Internet -&gt; Privacitat -&gt; Configuraci\u00f3.<br \/>\nPer a m\u00e9s informaci\u00f3, pot consultar el <a href=\"https:\/\/support.microsoft.com\/es-es\/windows?ui=es-ES&amp;rs=es-ES&amp;ad=ES\" target=\"_blank\" rel=\"noopener noreferrer\">suport de Microsoft<\/a> o l\u2019Ajuda del navegador.\u200b\u200b\u200b\u200b\u200b<\/p>\n<p><strong>Firefox<\/strong>: Eines -&gt;Opcions -&gt; Privacitat -&gt; Historial -&gt; Configuraci\u00f3 Personalitzada.<br \/>\nPer a m\u00e9s informaci\u00f3, pot consultar el <a href=\"https:\/\/support.mozilla.org\/es\/kb\/habilitar-y-deshabilitar-cookies-sitios-web-rastrear-preferencias?sc_ref_bbva=https%3A%2F%2Fwww.bbva.es%2Fsistema%2Fmeta%2Faviso-legal%2Findex.jsp&amp;redirectslug=habilitar-y-deshabilitar-cookies-que-los-sitios-we&amp;redirectlocale=es\" target=\"_blank\" rel=\"noopener noreferrer\">suport de Mozilla<\/a> o l\u2019Ajuda del navegador.<\/p>\n<p><strong>Safari<\/strong>: Prefer\u00e8ncies -&gt; Seguretat.<br \/>\nPer a m\u00e9s informaci\u00f3, pot consultar el <a href=\"https:\/\/support.apple.com\/es-es\/guide\/safari\/sfri11471\/mac\" target=\"_blank\" rel=\"noopener noreferrer\">suport d\u2019Apple<\/a> o l\u2019Ajuda del navegador.<\/p>\n<p>La desactivaci\u00f3 de les cookies no impedeix la navegaci\u00f3 pel lloc web, encara que l\u2019\u00fas d\u2019alguns dels seus serveis podr\u00e0 ser limitat i, per tant, la seva experi\u00e8ncia de navegaci\u00f3 podr\u00e0 ser menys satisfact\u00f2ria.<\/p>\n<p><strong>RETIRAR EL CONSENTIMENT<\/strong><\/p>\n<p>L\u2019usuari podr\u00e0 retirar en qualsevol moment el seu consentiment relacionat amb la Pol\u00edtica de Cookies, i podr\u00e0 eliminar les cookies emmagatzemades en el seu equip a trav\u00e9s dels ajustos i configuracions del seu navegador d\u2019Internet, indicats anteriorment, aix\u00ed com accedint al nostre panell de configuraci\u00f3 clicant damunt la pestanya de \u201cConfiguraci\u00f3 de Cookies\u201d que hi ha la part inferior dreta de la finestra del navegador.<\/p>\n<p>La present Pol\u00edtica de Cookies es podr\u00e0 modificar quan aix\u00ed ho exigeixi la legislaci\u00f3 vigent a cada moment o quan hi hagu\u00e9s alguna variaci\u00f3 en la mena de cookies utilitzades en el lloc web. Per aix\u00f2, li recomanem revisar aquesta pol\u00edtica cada vegada que accedeixi al nostre lloc web amb l\u2019objectiu d\u2019estar adequadament informat sobre com i per a qu\u00e8 usem les cookies.<\/p>\n","protected":false},"excerpt":{"rendered":"<p>Pol\u00edtica de cookies Aquesta pol\u00edtica de cookies t\u00e9 per finalitat informar de manera clara i precisa sobre les cookies que s\u2019utilitzen en la nostra web. Utilitzem cookies pr\u00f2pies i de tercers per a millorar els nostres serveis, personalitzar el nostre lloc web, facilitar la navegaci\u00f3 dels nostres usuaris, proporcionar-li una millor experi\u00e8ncia en l\u2019\u00fas del lloc web, identificar problemes per a millorar el mateix, fer mesuraments i estad\u00edstiques d\u2019\u00fas i mostrar-li publicitat relacionada amb les seves prefer\u00e8ncies mitjan\u00e7ant l\u2019an\u00e0lisi de l\u2019\u00fas del lloc web. L\u2019informem que podem utilitzar cookies en el seu equip a condici\u00f3 que l\u2019\/la usuari\/a hagi donat el seu consentiment, excepte en els sup\u00f2sits en els quals les cookies siguin necess\u00e0ries per a la navegaci\u00f3 pel nostre lloc web. En cas que presti el seu consentiment, podrem utilitzar cookies que ens permetran tenir m\u00e9s informaci\u00f3 sobre les seves prefer\u00e8ncies i personalitzar el nostre lloc web de conformitat amb els seus interessos individuals. QU\u00c8 S\u00d3N LES COOKIES? Les cookies i altres tecnologies similars com ara local shared objects, flaix cookies o p\u00edxels, s\u00f3n eines utilitzades pels servidors Web per a emmagatzemar i recuperar informaci\u00f3 sobre els seus visitants, aix\u00ed com per a oferir un correcte funcionament del lloc. [&hellip;]<\/p>\n","protected":false},"author":1,"featured_media":0,"parent":0,"menu_order":0,"comment_status":"closed","ping_status":"closed","template":"","meta":{"footnotes":""},"class_list":["post-18042","page","type-page","status-publish","hentry"],"yoast_head":"<!-- This site is optimized with the Yoast SEO Premium plugin v16.6 (Yoast SEO v19.11) - https:\/\/yoast.com\/wordpress\/plugins\/seo\/ -->\n<title>Pol\u00edtica de cookies - Wayava estudi de disseny i comunicaci\u00f3<\/title>\n<meta name=\"description\" content=\"Pol\u00edtica de cookies Aquesta pol\u00edtica de cookies t\u00e9 per finalitat informar de manera clara i precisa sobre les cookies que s\u2019utilitzen en la nostra web. Wayava ofereix una gesti\u00f3 de la comunicaci\u00f3 completa, personalitzada i eficient. Entenent per gesti\u00f3 de la comunicaci\u00f3 des de l\u2019estudi de la necessitat que t\u00e9 el client, la creativitat i la planificaci\u00f3; fins al disseny del projecte i la producci\u00f3. ANIMA\u2019T, TREBALLEM JUNTS!\" \/>\n<meta name=\"robots\" content=\"index, follow, max-snippet:-1, max-image-preview:large, max-video-preview:-1\" \/>\n<link rel=\"canonical\" href=\"https:\/\/wayava.net\/?page_id=18042\" \/>\n<meta property=\"og:locale\" content=\"ca_ES\" \/>\n<meta property=\"og:type\" content=\"article\" \/>\n<meta property=\"og:title\" content=\"Pol\u00edtica de cookies\" \/>\n<meta property=\"og:description\" content=\"Pol\u00edtica de cookies Aquesta pol\u00edtica de cookies t\u00e9 per finalitat informar de manera clara i precisa sobre les cookies que s\u2019utilitzen en la nostra web. Wayava ofereix una gesti\u00f3 de la comunicaci\u00f3 completa, personalitzada i eficient. Entenent per gesti\u00f3 de la comunicaci\u00f3 des de l\u2019estudi de la necessitat que t\u00e9 el client, la creativitat i la planificaci\u00f3; fins al disseny del projecte i la producci\u00f3. ANIMA\u2019T, TREBALLEM JUNTS!\" \/>\n<meta property=\"og:url\" content=\"https:\/\/wayava.net\/?page_id=18042\" \/>\n<meta property=\"og:site_name\" content=\"Wayava estudi de disseny i comunicaci\u00f3\" \/>\n<meta property=\"article:publisher\" content=\"https:\/\/www.facebook.com\/wayava-112930643032\/?fref=ts\" \/>\n<meta property=\"article:modified_time\" content=\"2020-11-09T10:41:24+00:00\" \/>\n<meta name=\"twitter:card\" content=\"summary_large_image\" \/>\n<meta name=\"twitter:label1\" content=\"Temps estimat de lectura\" \/>\n\t<meta name=\"twitter:data1\" content=\"7 minuts\" \/>\n<script type=\"application\/ld+json\" class=\"yoast-schema-graph\">{\"@context\":\"https:\/\/schema.org\",\"@graph\":[{\"@type\":\"WebPage\",\"@id\":\"https:\/\/wayava.net\/?page_id=18042\",\"url\":\"https:\/\/wayava.net\/?page_id=18042\",\"name\":\"Pol\u00edtica de cookies - Wayava estudi de disseny i comunicaci\u00f3\",\"isPartOf\":{\"@id\":\"https:\/\/wayava.net\/#website\"},\"datePublished\":\"2020-11-09T10:30:35+00:00\",\"dateModified\":\"2020-11-09T10:41:24+00:00\",\"description\":\"Pol\u00edtica de cookies Aquesta pol\u00edtica de cookies t\u00e9 per finalitat informar de manera clara i precisa sobre les cookies que s\u2019utilitzen en la nostra web. Wayava ofereix una gesti\u00f3 de la comunicaci\u00f3 completa, personalitzada i eficient. Entenent per gesti\u00f3 de la comunicaci\u00f3 des de l\u2019estudi de la necessitat que t\u00e9 el client, la creativitat i la planificaci\u00f3; fins al disseny del projecte i la producci\u00f3. ANIMA\u2019T, TREBALLEM JUNTS!\",\"breadcrumb\":{\"@id\":\"https:\/\/wayava.net\/?page_id=18042#breadcrumb\"},\"inLanguage\":\"ca\",\"potentialAction\":[{\"@type\":\"ReadAction\",\"target\":[\"https:\/\/wayava.net\/?page_id=18042\"]}]},{\"@type\":\"BreadcrumbList\",\"@id\":\"https:\/\/wayava.net\/?page_id=18042#breadcrumb\",\"itemListElement\":[{\"@type\":\"ListItem\",\"position\":1,\"name\":\"Home\",\"item\":\"https:\/\/wayava.net\/\"},{\"@type\":\"ListItem\",\"position\":2,\"name\":\"Pol\u00edtica de cookies\"}]},{\"@type\":\"WebSite\",\"@id\":\"https:\/\/wayava.net\/#website\",\"url\":\"https:\/\/wayava.net\/\",\"name\":\"Wayava estudi de disseny i comunicaci\u00f3\",\"description\":\"estudi de disseny gr\u00e0fic i comunicaci\u00f3 de Barcelona\",\"publisher\":{\"@id\":\"https:\/\/wayava.net\/#organization\"},\"potentialAction\":[{\"@type\":\"SearchAction\",\"target\":{\"@type\":\"EntryPoint\",\"urlTemplate\":\"https:\/\/wayava.net\/?s={search_term_string}\"},\"query-input\":\"required name=search_term_string\"}],\"inLanguage\":\"ca\"},{\"@type\":\"Organization\",\"@id\":\"https:\/\/wayava.net\/#organization\",\"name\":\"Wayava estudi de disseny i comunicaci\u00f3\",\"url\":\"https:\/\/wayava.net\/\",\"logo\":{\"@type\":\"ImageObject\",\"inLanguage\":\"ca\",\"@id\":\"https:\/\/wayava.net\/#\/schema\/logo\/image\/\",\"url\":\"https:\/\/wayava.net\/wp-content\/uploads\/LOGO_peke-04.png\",\"contentUrl\":\"https:\/\/wayava.net\/wp-content\/uploads\/LOGO_peke-04.png\",\"width\":129,\"height\":99,\"caption\":\"Wayava estudi de disseny i comunicaci\u00f3\"},\"image\":{\"@id\":\"https:\/\/wayava.net\/#\/schema\/logo\/image\/\"},\"sameAs\":[\"https:\/\/www.instagram.com\/hausita\/\",\"https:\/\/www.linkedin.com\/in\/anna-gimenez-hausmann-89a42516\/\",\"https:\/\/es.pinterest.com\/hausita\/\",\"https:\/\/www.facebook.com\/wayava-112930643032\/?fref=ts\"]}]}<\/script>\n<!-- \/ Yoast SEO Premium plugin. -->","yoast_head_json":{"title":"Pol\u00edtica de cookies - Wayava estudi de disseny i comunicaci\u00f3","description":"Pol\u00edtica de cookies Aquesta pol\u00edtica de cookies t\u00e9 per finalitat informar de manera clara i precisa sobre les cookies que s\u2019utilitzen en la nostra web. Wayava ofereix una gesti\u00f3 de la comunicaci\u00f3 completa, personalitzada i eficient. Entenent per gesti\u00f3 de la comunicaci\u00f3 des de l\u2019estudi de la necessitat que t\u00e9 el client, la creativitat i la planificaci\u00f3; fins al disseny del projecte i la producci\u00f3. ANIMA\u2019T, TREBALLEM JUNTS!","robots":{"index":"index","follow":"follow","max-snippet":"max-snippet:-1","max-image-preview":"max-image-preview:large","max-video-preview":"max-video-preview:-1"},"canonical":"https:\/\/wayava.net\/?page_id=18042","og_locale":"ca_ES","og_type":"article","og_title":"Pol\u00edtica de cookies","og_description":"Pol\u00edtica de cookies Aquesta pol\u00edtica de cookies t\u00e9 per finalitat informar de manera clara i precisa sobre les cookies que s\u2019utilitzen en la nostra web. Wayava ofereix una gesti\u00f3 de la comunicaci\u00f3 completa, personalitzada i eficient. Entenent per gesti\u00f3 de la comunicaci\u00f3 des de l\u2019estudi de la necessitat que t\u00e9 el client, la creativitat i la planificaci\u00f3; fins al disseny del projecte i la producci\u00f3. ANIMA\u2019T, TREBALLEM JUNTS!","og_url":"https:\/\/wayava.net\/?page_id=18042","og_site_name":"Wayava estudi de disseny i comunicaci\u00f3","article_publisher":"https:\/\/www.facebook.com\/wayava-112930643032\/?fref=ts","article_modified_time":"2020-11-09T10:41:24+00:00","twitter_card":"summary_large_image","twitter_misc":{"Temps estimat de lectura":"7 minuts"},"schema":{"@context":"https:\/\/schema.org","@graph":[{"@type":"WebPage","@id":"https:\/\/wayava.net\/?page_id=18042","url":"https:\/\/wayava.net\/?page_id=18042","name":"Pol\u00edtica de cookies - Wayava estudi de disseny i comunicaci\u00f3","isPartOf":{"@id":"https:\/\/wayava.net\/#website"},"datePublished":"2020-11-09T10:30:35+00:00","dateModified":"2020-11-09T10:41:24+00:00","description":"Pol\u00edtica de cookies Aquesta pol\u00edtica de cookies t\u00e9 per finalitat informar de manera clara i precisa sobre les cookies que s\u2019utilitzen en la nostra web. Wayava ofereix una gesti\u00f3 de la comunicaci\u00f3 completa, personalitzada i eficient. Entenent per gesti\u00f3 de la comunicaci\u00f3 des de l\u2019estudi de la necessitat que t\u00e9 el client, la creativitat i la planificaci\u00f3; fins al disseny del projecte i la producci\u00f3. ANIMA\u2019T, TREBALLEM JUNTS!","breadcrumb":{"@id":"https:\/\/wayava.net\/?page_id=18042#breadcrumb"},"inLanguage":"ca","potentialAction":[{"@type":"ReadAction","target":["https:\/\/wayava.net\/?page_id=18042"]}]},{"@type":"BreadcrumbList","@id":"https:\/\/wayava.net\/?page_id=18042#breadcrumb","itemListElement":[{"@type":"ListItem","position":1,"name":"Home","item":"https:\/\/wayava.net\/"},{"@type":"ListItem","position":2,"name":"Pol\u00edtica de cookies"}]},{"@type":"WebSite","@id":"https:\/\/wayava.net\/#website","url":"https:\/\/wayava.net\/","name":"Wayava estudi de disseny i comunicaci\u00f3","description":"estudi de disseny gr\u00e0fic i comunicaci\u00f3 de Barcelona","publisher":{"@id":"https:\/\/wayava.net\/#organization"},"potentialAction":[{"@type":"SearchAction","target":{"@type":"EntryPoint","urlTemplate":"https:\/\/wayava.net\/?s={search_term_string}"},"query-input":"required name=search_term_string"}],"inLanguage":"ca"},{"@type":"Organization","@id":"https:\/\/wayava.net\/#organization","name":"Wayava estudi de disseny i comunicaci\u00f3","url":"https:\/\/wayava.net\/","logo":{"@type":"ImageObject","inLanguage":"ca","@id":"https:\/\/wayava.net\/#\/schema\/logo\/image\/","url":"https:\/\/wayava.net\/wp-content\/uploads\/LOGO_peke-04.png","contentUrl":"https:\/\/wayava.net\/wp-content\/uploads\/LOGO_peke-04.png","width":129,"height":99,"caption":"Wayava estudi de disseny i comunicaci\u00f3"},"image":{"@id":"https:\/\/wayava.net\/#\/schema\/logo\/image\/"},"sameAs":["https:\/\/www.instagram.com\/hausita\/","https:\/\/www.linkedin.com\/in\/anna-gimenez-hausmann-89a42516\/","https:\/\/es.pinterest.com\/hausita\/","https:\/\/www.facebook.com\/wayava-112930643032\/?fref=ts"]}]}},"_links":{"self":[{"href":"https:\/\/wayava.net\/index.php?rest_route=\/wp\/v2\/pages\/18042"}],"collection":[{"href":"https:\/\/wayava.net\/index.php?rest_route=\/wp\/v2\/pages"}],"about":[{"href":"https:\/\/wayava.net\/index.php?rest_route=\/wp\/v2\/types\/page"}],"author":[{"embeddable":true,"href":"https:\/\/wayava.net\/index.php?rest_route=\/wp\/v2\/users\/1"}],"replies":[{"embeddable":true,"href":"https:\/\/wayava.net\/index.php?rest_route=%2Fwp%2Fv2%2Fcomments&post=18042"}],"version-history":[{"count":3,"href":"https:\/\/wayava.net\/index.php?rest_route=\/wp\/v2\/pages\/18042\/revisions"}],"predecessor-version":[{"id":18049,"href":"https:\/\/wayava.net\/index.php?rest_route=\/wp\/v2\/pages\/18042\/revisions\/18049"}],"wp:attachment":[{"href":"https:\/\/wayava.net\/index.php?rest_route=%2Fwp%2Fv2%2Fmedia&parent=18042"}],"curies":[{"name":"wp","href":"https:\/\/api.w.org\/{rel}","templated":true}]}}