{"id":17510,"date":"2018-06-04T15:04:49","date_gmt":"2018-06-04T15:04:49","guid":{"rendered":"https:\/\/wayava.net\/?page_id=17510&#038;lang=es"},"modified":"2018-06-04T15:17:25","modified_gmt":"2018-06-04T15:17:25","slug":"politica-de-privacidad-de-datos","status":"publish","type":"page","link":"https:\/\/wayava.net\/?page_id=17510&lang=es","title":{"rendered":"Politica de privacidad de datos"},"content":{"rendered":"<p>[vc_row top_padding=&#8221;60&#8243; bottom_padding=&#8221;100&#8243;][vc_column]<h2 class=\"headline font-special fontsize-xxl fontweight-700 lh-inherit align-left transform-uppercase \" style=\"margin: 0 0 20px 0; color: #e8424f;\">Politica de privacidad de datos<br \/>\n<\/h2>[vc_column_text]<em>(Actualizada el 4 de junio de 2018)<\/em><\/p>\n<p>Wayava quiere garantizar la privacidad en el tratamiento de tus datos personales. Hemos actualizado nuestra <strong><em>Pol\u00edtica de Privacidad<\/em><\/strong> para informar claramente de c\u00f3mo recopilamos, utilizamos y custodiamos los datos de las personas que contactan con nuestra empresa.[\/vc_column_text]<div class=\"divider-title align-left\" >RESPONSABLE DEL TRATAMIENTO<\/div>[vc_column_text]El interesado que facilite a Wayava datos de car\u00e1cter personal a trav\u00e9s de esta plataforma online o por otras v\u00edas (por ejemplo, redes sociales) queda informado de que el tratamiento de sus datos es realizado por:<\/p>\n<p class=\"indent\"><strong>Wayava &#8211; Anna Gim\u00e9nez Hausmann<\/strong> (de ahora en adelante Wayava), con CIF 46356108E y domicilio social en calle Sant Antoni Maria Claret, 340 08041 Barcelona. Tel\u00e9fono: 678 490 171.<br \/>\nCorreo electr\u00f3nico: <a href=\"mailto:hola@wayava.net\">hola@wayava.net <\/a><\/p>\n<p>[\/vc_column_text]<div class=\"divider-title align-left\" >FINALIDADES DEL TRATAMIENTO DE DATOS<\/div>[vc_column_text]En Wayava el tratamiento de datos se realiza con las siguientes finalidades, en funci\u00f3n del motivo por el que nos los hayas facilitado:<\/p>\n<ol>\n<li>Contactar con el remitente de la informaci\u00f3n, dar respuesta a su solicitud, petici\u00f3n o consulta y gestionar la publicaci\u00f3n de consultas y comentarios y hacer un seguimiento posterior.<\/li>\n<li>Gestionar, en su caso, su pedido y llevar a cabo la prestaci\u00f3n contratada por el USUARIO, su facturaci\u00f3n y cobro.<\/li>\n<li>Gestionar y controlar la cartera de clientes.<\/li>\n<li>Gestionar, en su caso, el proceso de registro del USUARIO en la Plataforma Online.<\/li>\n<li>Realizar, en su caso, el perfil de USUARIO para ofrecerle contenidos, productos y servicios de un modo personalizado.<\/li>\n<\/ol>\n<p>[\/vc_column_text]<div class=\"divider-title align-left\" >DURACI\u00d3N DEL TRATAMIENTO DE DATOS<\/div>[vc_column_text]<\/p>\n<ul>\n<li>Los datos para la gesti\u00f3n de la <strong>relaci\u00f3n con el cliente y la facturaci\u00f3n y cobro de los servicios<\/strong> ser\u00e1n conservados durante todo el tiempo en que el contrato est\u00e9 vigente. Una vez finalizada dicha relaci\u00f3n, en su caso, los datos podr\u00e1n ser conservados durante el tiempo exigido por la legislaci\u00f3n aplicable y hasta que prescriban las eventuales responsabilidades derivadas del contrato.<\/li>\n<li>Los datos para la <strong>gesti\u00f3n de consultas y solicitudes<\/strong> se conservar\u00e1n durante el tiempo necesario para dar respuesta a los mismos, con un plazo m\u00e1ximo de un a\u00f1o.<\/li>\n<li>Los datos relativos a <strong>publicaciones de comentarios<\/strong> sobre nuestros productos se mantendr\u00e1n durante la vigencia y publicidad de los productos o servicios a los que hacen referencia, salvo que se exprese tu deseo de que sean eliminados en cualquier momento.<\/li>\n<li>Los datos para el env\u00edo de <strong>comunicaciones comerciales y elaboraci\u00f3n de perfiles comerciales<\/strong> de nuestros productos o servicios ser\u00e1n conservados indefinidamente hasta que, en su caso, nos manifiestes tu voluntad de suprimirlos.<\/li>\n<\/ul>\n<p>[\/vc_column_text]<div class=\"divider-title align-left\" >LEGITIMACI\u00d3N PARA EL TRATAMIENTO DE DATOS<\/div>[vc_column_text]<\/p>\n<ul>\n<li>La base legal para el tratamiento de tus datos de las finalidades 1 a 5 es la ejecuci\u00f3n de la prestaci\u00f3n del servicio correspondiente.<\/li>\n<li>La oferta prospectiva de productos y servicios a clientes tiene como base la satisfacci\u00f3n del inter\u00e9s leg\u00edtimo empresarial consistente en poder ofrecer a nuestros clientes la contrataci\u00f3n de otros productos o servicios y conseguir as\u00ed su fidelizaci\u00f3n. Dicho inter\u00e9s leg\u00edtimo se reconoce por la normativa legal aplicable (Reglamento General de Protecci\u00f3n de Datos), que permite expresamente el tratamiento de datos personales sobre esa base legal con fines de mercadotecnia directa.<\/li>\n<\/ul>\n<p>No obstante, te recordamos que tienes derecho a oponerte a este tratamiento de tus datos, pudiendo hacerlo por cualquiera de los medios descritos en esta Pol\u00edtica.<\/p>\n<ul>\n<li>La base del env\u00edo de comunicaciones comerciales a usuarios no clientes es el consentimiento que se ha solicitado, pudiendo ser revocado en cualquier momento. La retirada de dicho consentimiento no afectar\u00e1 en ning\u00fan caso a la ejecuci\u00f3n del contrato, pero los tratamientos de datos con ese fin efectuados con anterioridad no perder\u00e1n su licitud por el hecho de que el consentimiento se haya revocado.<\/li>\n<\/ul>\n<p>[\/vc_column_text]<div class=\"divider-title align-left\" >COMUNICACI\u00d3N DE TUS DATOS<\/div>[vc_column_text]Los datos ser\u00e1n comunicados a las siguientes entidades:<\/p>\n<ul>\n<li>A las <strong>entidades financieras<\/strong> a trav\u00e9s de las que se articule la gesti\u00f3n de cobros y pagos.<\/li>\n<li>A las <strong>Administraciones p\u00fablicas<\/strong> competentes, en los casos previstos en la Ley y para los fines en ella definidos.<\/li>\n<\/ul>\n<p>[\/vc_column_text]<div class=\"divider-title align-left\" >TUS DERECHOS<\/div>[vc_column_text]Toda persona que nos facilite sus datos tiene los siguientes derechos:<\/p>\n<ul>\n<li>Cualquier persona tiene derecho a obtener confirmaci\u00f3n sobre si estamos tratando datos personales que le conciernan. Las personas interesadas tienen derecho a acceder a sus datos personales, as\u00ed como a solicitar la rectificaci\u00f3n de los datos inexactos o, en su caso, solicitar su supresi\u00f3n cuando, entre otros motivos, los datos ya no sean necesarios para los fines para los que fueron recogidos.<\/li>\n<li>En las condiciones previstas en el Reglamento General de Protecci\u00f3n de Datos, los interesados podr\u00e1n solicitar la limitaci\u00f3n del tratamiento de sus datos o su portabilidad, en cuyo caso \u00fanicamente los conservaremos para el ejercicio o la defensa de reclamaciones.<\/li>\n<li>En determinadas circunstancias y por motivos relacionados con su situaci\u00f3n particular, los interesados podr\u00e1n oponerse al tratamiento de sus datos. Si has otorgado el consentimiento para alguna finalidad espec\u00edfica, tienes derecho a retirarlo en cualquier momento, sin que ello afecte a la licitud del tratamiento basado en el consentimiento previo a su retirada. En estos supuestos dejaremos de tratar los datos o, en su caso, dejaremos de hacerlo para esa finalidad en concreto, salvo por motivos leg\u00edtimos imperiosos o el ejercicio o la defensa de posibles reclamaciones.<\/li>\n<li>Todos los derechos mencionados pueden ejercerse a trav\u00e9s del envio de un mail a: <a href=\"mailto:hola@wayava.net\">hola@wayava.net<\/a>.<\/li>\n<li>Frente a cualquier vulneraci\u00f3n de tus derechos, especialmente cuando no hayas obtenido satisfacci\u00f3n en su ejercicio, puedes presentar una reclamaci\u00f3n ante la Agencia Espa\u00f1ola de Protecci\u00f3n de Datos (datos de contacto accesibles en www.agpd.es) u otra autoridad de control competente. Tambi\u00e9n puedes obtener m\u00e1s informaci\u00f3n sobre los derechos que te asisten dirigi\u00e9ndote a dichos organismos.<\/li>\n<\/ul>\n<p>[\/vc_column_text]<div class=\"divider-title align-left\" >DATOS DE TERCEROS<\/div>[vc_column_text]Si facilitas datos de terceros, asumes la responsabilidad de informarles previamente de todo lo previsto en el art\u00edculo 14 del Reglamento General de Protecci\u00f3n de Datos en las condiciones establecidas en dicho precepto.[\/vc_column_text][\/vc_column][\/vc_row]<\/p>\n","protected":false},"excerpt":{"rendered":"<p>[vc_row top_padding=&#8221;60&#8243; bottom_padding=&#8221;100&#8243;][vc_column][vc_column_text](Actualizada el 4 de junio de 2018) Wayava quiere garantizar la privacidad en el tratamiento de tus datos personales. Hemos actualizado nuestra Pol\u00edtica de Privacidad para informar claramente de c\u00f3mo recopilamos, utilizamos y custodiamos los datos de las personas que contactan con nuestra empresa.[\/vc_column_text][vc_column_text]El interesado que facilite a Wayava datos de car\u00e1cter personal a trav\u00e9s de esta plataforma online o por otras v\u00edas (por ejemplo, redes sociales) queda informado de que el tratamiento de sus datos es realizado por: Wayava &#8211; Anna Gim\u00e9nez Hausmann (de ahora en adelante Wayava), con CIF 46356108E y domicilio social en calle Sant Antoni Maria Claret, 340 08041 Barcelona. Tel\u00e9fono: 678 490 171. Correo electr\u00f3nico: hola@wayava.net [\/vc_column_text][vc_column_text]En Wayava el tratamiento de datos se realiza con las siguientes finalidades, en funci\u00f3n del motivo por el que nos los hayas facilitado: Contactar con el remitente de la informaci\u00f3n, dar respuesta a su solicitud, petici\u00f3n o consulta y gestionar la publicaci\u00f3n de consultas y comentarios y hacer un seguimiento posterior. Gestionar, en su caso, su pedido y llevar a cabo la prestaci\u00f3n contratada por el USUARIO, su facturaci\u00f3n y cobro. Gestionar y controlar la cartera de clientes. Gestionar, en su caso, el proceso de registro del [&hellip;]<\/p>\n","protected":false},"author":1,"featured_media":0,"parent":0,"menu_order":0,"comment_status":"closed","ping_status":"closed","template":"","meta":{"footnotes":""},"class_list":["post-17510","page","type-page","status-publish","hentry"],"yoast_head":"<!-- This site is optimized with the Yoast SEO Premium plugin v16.6 (Yoast SEO v19.11) - https:\/\/yoast.com\/wordpress\/plugins\/seo\/ -->\n<title>Politica de privacidad de datos - Wayava estudi de disseny i comunicaci\u00f3<\/title>\n<meta name=\"description\" content=\"(Actualizada el 4 de junio de 2018) Wayava quiere garantizar la privacidad en el tratamiento de tus datos personales. Hemos actualizado nuestra Pol\u00edtica Wayava ofereix una gesti\u00f3 de la comunicaci\u00f3 completa, personalitzada i eficient. Entenent per gesti\u00f3 de la comunicaci\u00f3 des de l\u2019estudi de la necessitat que t\u00e9 el client, la creativitat i la planificaci\u00f3; fins al disseny del projecte i la producci\u00f3. ANIMA\u2019T, TREBALLEM JUNTS!\" \/>\n<meta name=\"robots\" content=\"index, follow, max-snippet:-1, max-image-preview:large, max-video-preview:-1\" \/>\n<link rel=\"canonical\" href=\"https:\/\/wayava.net\/?page_id=17510\" \/>\n<meta property=\"og:locale\" content=\"ca_ES\" \/>\n<meta property=\"og:type\" content=\"article\" \/>\n<meta property=\"og:title\" content=\"Politica de privacidad de datos\" \/>\n<meta property=\"og:description\" content=\"(Actualizada el 4 de junio de 2018) Wayava quiere garantizar la privacidad en el tratamiento de tus datos personales. Hemos actualizado nuestra Pol\u00edtica Wayava ofereix una gesti\u00f3 de la comunicaci\u00f3 completa, personalitzada i eficient. Entenent per gesti\u00f3 de la comunicaci\u00f3 des de l\u2019estudi de la necessitat que t\u00e9 el client, la creativitat i la planificaci\u00f3; fins al disseny del projecte i la producci\u00f3. ANIMA\u2019T, TREBALLEM JUNTS!\" \/>\n<meta property=\"og:url\" content=\"https:\/\/wayava.net\/?page_id=17510&amp;lang=es\" \/>\n<meta property=\"og:site_name\" content=\"Wayava estudi de disseny i comunicaci\u00f3\" \/>\n<meta property=\"article:publisher\" content=\"https:\/\/www.facebook.com\/wayava-112930643032\/?fref=ts\" \/>\n<meta property=\"article:modified_time\" content=\"2018-06-04T15:17:25+00:00\" \/>\n<meta name=\"twitter:card\" content=\"summary_large_image\" \/>\n<meta name=\"twitter:label1\" content=\"Temps estimat de lectura\" \/>\n\t<meta name=\"twitter:data1\" content=\"6 minuts\" \/>\n<script type=\"application\/ld+json\" class=\"yoast-schema-graph\">{\"@context\":\"https:\/\/schema.org\",\"@graph\":[{\"@type\":\"WebPage\",\"@id\":\"https:\/\/wayava.net\/?page_id=17510&lang=es\",\"url\":\"https:\/\/wayava.net\/?page_id=17510&lang=es\",\"name\":\"Politica de privacidad de datos - Wayava estudi de disseny i comunicaci\u00f3\",\"isPartOf\":{\"@id\":\"https:\/\/wayava.net\/#website\"},\"datePublished\":\"2018-06-04T15:04:49+00:00\",\"dateModified\":\"2018-06-04T15:17:25+00:00\",\"description\":\"(Actualizada el 4 de junio de 2018) Wayava quiere garantizar la privacidad en el tratamiento de tus datos personales. Hemos actualizado nuestra Pol\u00edtica Wayava ofereix una gesti\u00f3 de la comunicaci\u00f3 completa, personalitzada i eficient. Entenent per gesti\u00f3 de la comunicaci\u00f3 des de l\u2019estudi de la necessitat que t\u00e9 el client, la creativitat i la planificaci\u00f3; fins al disseny del projecte i la producci\u00f3. ANIMA\u2019T, TREBALLEM JUNTS!\",\"breadcrumb\":{\"@id\":\"https:\/\/wayava.net\/?page_id=17510&lang=es#breadcrumb\"},\"inLanguage\":\"ca\",\"potentialAction\":[{\"@type\":\"ReadAction\",\"target\":[\"https:\/\/wayava.net\/?page_id=17510&lang=es\"]}]},{\"@type\":\"BreadcrumbList\",\"@id\":\"https:\/\/wayava.net\/?page_id=17510&lang=es#breadcrumb\",\"itemListElement\":[{\"@type\":\"ListItem\",\"position\":1,\"name\":\"Home\",\"item\":\"https:\/\/wayava.net\/\"},{\"@type\":\"ListItem\",\"position\":2,\"name\":\"Politica de privacidad de datos\"}]},{\"@type\":\"WebSite\",\"@id\":\"https:\/\/wayava.net\/#website\",\"url\":\"https:\/\/wayava.net\/\",\"name\":\"Wayava estudi de disseny i comunicaci\u00f3\",\"description\":\"estudi de disseny gr\u00e0fic i comunicaci\u00f3 de Barcelona\",\"publisher\":{\"@id\":\"https:\/\/wayava.net\/#organization\"},\"potentialAction\":[{\"@type\":\"SearchAction\",\"target\":{\"@type\":\"EntryPoint\",\"urlTemplate\":\"https:\/\/wayava.net\/?s={search_term_string}\"},\"query-input\":\"required name=search_term_string\"}],\"inLanguage\":\"ca\"},{\"@type\":\"Organization\",\"@id\":\"https:\/\/wayava.net\/#organization\",\"name\":\"Wayava estudi de disseny i comunicaci\u00f3\",\"url\":\"https:\/\/wayava.net\/\",\"logo\":{\"@type\":\"ImageObject\",\"inLanguage\":\"ca\",\"@id\":\"https:\/\/wayava.net\/#\/schema\/logo\/image\/\",\"url\":\"https:\/\/wayava.net\/wp-content\/uploads\/LOGO_peke-04.png\",\"contentUrl\":\"https:\/\/wayava.net\/wp-content\/uploads\/LOGO_peke-04.png\",\"width\":129,\"height\":99,\"caption\":\"Wayava estudi de disseny i comunicaci\u00f3\"},\"image\":{\"@id\":\"https:\/\/wayava.net\/#\/schema\/logo\/image\/\"},\"sameAs\":[\"https:\/\/www.instagram.com\/hausita\/\",\"https:\/\/www.linkedin.com\/in\/anna-gimenez-hausmann-89a42516\/\",\"https:\/\/es.pinterest.com\/hausita\/\",\"https:\/\/www.facebook.com\/wayava-112930643032\/?fref=ts\"]}]}<\/script>\n<!-- \/ Yoast SEO Premium plugin. -->","yoast_head_json":{"title":"Politica de privacidad de datos - Wayava estudi de disseny i comunicaci\u00f3","description":"(Actualizada el 4 de junio de 2018) Wayava quiere garantizar la privacidad en el tratamiento de tus datos personales. Hemos actualizado nuestra Pol\u00edtica Wayava ofereix una gesti\u00f3 de la comunicaci\u00f3 completa, personalitzada i eficient. Entenent per gesti\u00f3 de la comunicaci\u00f3 des de l\u2019estudi de la necessitat que t\u00e9 el client, la creativitat i la planificaci\u00f3; fins al disseny del projecte i la producci\u00f3. ANIMA\u2019T, TREBALLEM JUNTS!","robots":{"index":"index","follow":"follow","max-snippet":"max-snippet:-1","max-image-preview":"max-image-preview:large","max-video-preview":"max-video-preview:-1"},"canonical":"https:\/\/wayava.net\/?page_id=17510","og_locale":"ca_ES","og_type":"article","og_title":"Politica de privacidad de datos","og_description":"(Actualizada el 4 de junio de 2018) Wayava quiere garantizar la privacidad en el tratamiento de tus datos personales. Hemos actualizado nuestra Pol\u00edtica Wayava ofereix una gesti\u00f3 de la comunicaci\u00f3 completa, personalitzada i eficient. Entenent per gesti\u00f3 de la comunicaci\u00f3 des de l\u2019estudi de la necessitat que t\u00e9 el client, la creativitat i la planificaci\u00f3; fins al disseny del projecte i la producci\u00f3. ANIMA\u2019T, TREBALLEM JUNTS!","og_url":"https:\/\/wayava.net\/?page_id=17510&lang=es","og_site_name":"Wayava estudi de disseny i comunicaci\u00f3","article_publisher":"https:\/\/www.facebook.com\/wayava-112930643032\/?fref=ts","article_modified_time":"2018-06-04T15:17:25+00:00","twitter_card":"summary_large_image","twitter_misc":{"Temps estimat de lectura":"6 minuts"},"schema":{"@context":"https:\/\/schema.org","@graph":[{"@type":"WebPage","@id":"https:\/\/wayava.net\/?page_id=17510&lang=es","url":"https:\/\/wayava.net\/?page_id=17510&lang=es","name":"Politica de privacidad de datos - Wayava estudi de disseny i comunicaci\u00f3","isPartOf":{"@id":"https:\/\/wayava.net\/#website"},"datePublished":"2018-06-04T15:04:49+00:00","dateModified":"2018-06-04T15:17:25+00:00","description":"(Actualizada el 4 de junio de 2018) Wayava quiere garantizar la privacidad en el tratamiento de tus datos personales. Hemos actualizado nuestra Pol\u00edtica Wayava ofereix una gesti\u00f3 de la comunicaci\u00f3 completa, personalitzada i eficient. Entenent per gesti\u00f3 de la comunicaci\u00f3 des de l\u2019estudi de la necessitat que t\u00e9 el client, la creativitat i la planificaci\u00f3; fins al disseny del projecte i la producci\u00f3. ANIMA\u2019T, TREBALLEM JUNTS!","breadcrumb":{"@id":"https:\/\/wayava.net\/?page_id=17510&lang=es#breadcrumb"},"inLanguage":"ca","potentialAction":[{"@type":"ReadAction","target":["https:\/\/wayava.net\/?page_id=17510&lang=es"]}]},{"@type":"BreadcrumbList","@id":"https:\/\/wayava.net\/?page_id=17510&lang=es#breadcrumb","itemListElement":[{"@type":"ListItem","position":1,"name":"Home","item":"https:\/\/wayava.net\/"},{"@type":"ListItem","position":2,"name":"Politica de privacidad de datos"}]},{"@type":"WebSite","@id":"https:\/\/wayava.net\/#website","url":"https:\/\/wayava.net\/","name":"Wayava estudi de disseny i comunicaci\u00f3","description":"estudi de disseny gr\u00e0fic i comunicaci\u00f3 de Barcelona","publisher":{"@id":"https:\/\/wayava.net\/#organization"},"potentialAction":[{"@type":"SearchAction","target":{"@type":"EntryPoint","urlTemplate":"https:\/\/wayava.net\/?s={search_term_string}"},"query-input":"required name=search_term_string"}],"inLanguage":"ca"},{"@type":"Organization","@id":"https:\/\/wayava.net\/#organization","name":"Wayava estudi de disseny i comunicaci\u00f3","url":"https:\/\/wayava.net\/","logo":{"@type":"ImageObject","inLanguage":"ca","@id":"https:\/\/wayava.net\/#\/schema\/logo\/image\/","url":"https:\/\/wayava.net\/wp-content\/uploads\/LOGO_peke-04.png","contentUrl":"https:\/\/wayava.net\/wp-content\/uploads\/LOGO_peke-04.png","width":129,"height":99,"caption":"Wayava estudi de disseny i comunicaci\u00f3"},"image":{"@id":"https:\/\/wayava.net\/#\/schema\/logo\/image\/"},"sameAs":["https:\/\/www.instagram.com\/hausita\/","https:\/\/www.linkedin.com\/in\/anna-gimenez-hausmann-89a42516\/","https:\/\/es.pinterest.com\/hausita\/","https:\/\/www.facebook.com\/wayava-112930643032\/?fref=ts"]}]}},"_links":{"self":[{"href":"https:\/\/wayava.net\/index.php?rest_route=\/wp\/v2\/pages\/17510"}],"collection":[{"href":"https:\/\/wayava.net\/index.php?rest_route=\/wp\/v2\/pages"}],"about":[{"href":"https:\/\/wayava.net\/index.php?rest_route=\/wp\/v2\/types\/page"}],"author":[{"embeddable":true,"href":"https:\/\/wayava.net\/index.php?rest_route=\/wp\/v2\/users\/1"}],"replies":[{"embeddable":true,"href":"https:\/\/wayava.net\/index.php?rest_route=%2Fwp%2Fv2%2Fcomments&post=17510"}],"version-history":[{"count":10,"href":"https:\/\/wayava.net\/index.php?rest_route=\/wp\/v2\/pages\/17510\/revisions"}],"predecessor-version":[{"id":17521,"href":"https:\/\/wayava.net\/index.php?rest_route=\/wp\/v2\/pages\/17510\/revisions\/17521"}],"wp:attachment":[{"href":"https:\/\/wayava.net\/index.php?rest_route=%2Fwp%2Fv2%2Fmedia&parent=17510"}],"curies":[{"name":"wp","href":"https:\/\/api.w.org\/{rel}","templated":true}]}}