{"id":17082,"date":"2017-02-07T16:13:25","date_gmt":"2017-02-07T16:13:25","guid":{"rendered":"https:\/\/wayava.net\/?page_id=17082&#038;lang=ca"},"modified":"2021-07-02T18:30:43","modified_gmt":"2021-07-02T18:30:43","slug":"contactans","status":"publish","type":"page","link":"https:\/\/wayava.net\/?page_id=17082","title":{"rendered":"CONTACTA&#8217;NS"},"content":{"rendered":"<p>[vc_row bg_color=&#8221;#e8424f&#8221; text_color=&#8221;light&#8221; top_padding=&#8221;200&#8243; bottom_padding=&#8221;110&#8243; bg_position=&#8221;center center&#8221;][vc_column width=&#8221;1\/1&#8243;]<div class=\"headline font-special fontsize-l fontweight-700 lh-inherit align-left transform-uppercase \" style=\"margin: 0; color: #000000;\">HOLA<\/p>\n<\/div><h1 class=\"headline font-special fontsize-xxxxl fontweight-700 lh-12 align-left transform-uppercase \" style=\"margin: 0;\">EN QU\u00c8 ET PODEM AJUDAR?<\/p>\n<\/h1>[\/vc_column][\/vc_row][vc_row top_padding=&#8221;80&#8243; bottom_padding=&#8221;80&#8243; bg_position=&#8221;left top&#8221;][vc_column width=&#8221;1\/2&#8243;]<h2 class=\"headline font-special fontsize-m fontweight-700 lh-inherit align-left transform-uppercase \" style=\"margin: 0 0 20px 0;\">Xerrem \ud83d\ude09<\/p>\n<\/h2>[vc_column_text]Si t&#8217;agrada escriure, a Wayava li encanta llegir-te.<br \/>\nTens dubtes? Envia&#8217;ns les teves preguntes, suggeriments o comentaris!<br \/>\nContestarem el m\u00e9s r\u00e0pid que ens sigui possible.[\/vc_column_text]<div role=\"form\" class=\"wpcf7\" id=\"wpcf7-f16917-o1\" lang=\"es-ES\" dir=\"ltr\">\n<div class=\"screen-reader-response\"><p role=\"status\" aria-live=\"polite\" aria-atomic=\"true\"><\/p> <ul><\/ul><\/div>\n<form action=\"\/index.php?rest_route=%2Fwp%2Fv2%2Fpages%2F17082#wpcf7-f16917-o1\" method=\"post\" class=\"wpcf7-form init\" novalidate=\"novalidate\" data-status=\"init\">\n<div style=\"display: none;\">\n<input type=\"hidden\" name=\"_wpcf7\" value=\"16917\" \/>\n<input type=\"hidden\" name=\"_wpcf7_version\" value=\"5.6.4\" \/>\n<input type=\"hidden\" name=\"_wpcf7_locale\" value=\"es_ES\" \/>\n<input type=\"hidden\" name=\"_wpcf7_unit_tag\" value=\"wpcf7-f16917-o1\" \/>\n<input type=\"hidden\" name=\"_wpcf7_container_post\" value=\"0\" \/>\n<input type=\"hidden\" name=\"_wpcf7_posted_data_hash\" value=\"\" \/>\n<input type=\"hidden\" name=\"_wpcf7_recaptcha_response\" value=\"\" \/>\n<\/div>\n<p>Nom <span class=\"wpcf7-form-control-wrap\" data-name=\"Nom\"><input type=\"text\" name=\"Nom\" value=\"\" size=\"40\" class=\"wpcf7-form-control wpcf7-text wpcf7-validates-as-required\" aria-required=\"true\" aria-invalid=\"false\" \/><\/span><br \/>\nEmail <span class=\"wpcf7-form-control-wrap\" data-name=\"email\"><input type=\"email\" name=\"email\" value=\"\" size=\"40\" class=\"wpcf7-form-control wpcf7-text wpcf7-email wpcf7-validates-as-required wpcf7-validates-as-email\" aria-required=\"true\" aria-invalid=\"false\" \/><\/span><br \/>\nEn qu\u00e8 et podem ajudar <span class=\"wpcf7-form-control-wrap\" data-name=\"cometari\"><textarea name=\"cometari\" cols=\"40\" rows=\"10\" class=\"wpcf7-form-control wpcf7-textarea wpcf7-validates-as-required\" aria-required=\"true\" aria-invalid=\"false\"><\/textarea><\/span><\/p>\n<p><span class=\"wpcf7-form-control-wrap\" data-name=\"PrivacyPolicy\"><span class=\"wpcf7-form-control wpcf7-acceptance\"><span class=\"wpcf7-list-item\"><label><input type=\"checkbox\" name=\"PrivacyPolicy\" value=\"1\" aria-invalid=\"false\" \/><span class=\"wpcf7-list-item-label\">He llegit i accepto les condicions contingudes en la<a target=\"_BLANK\" href=\"https:\/\/wayava.net\/?page_id=17510&lang=es\"> Pol\u00edtica de privadesa<\/a> sobre el tractament de les meves dades per a gestionar la meva consulta o petici\u00f3.<\/span><\/label><\/span><\/span><\/span><\/p>\n<p><input type=\"submit\" value=\"Enviar\" class=\"wpcf7-form-control has-spinner wpcf7-submit\" \/><\/p>\n<div class=\"wpcf7-response-output\" aria-hidden=\"true\"><\/div><\/form><\/div>[\/vc_column][vc_column width=&#8221;1\/2&#8243;][vc_raw_html]JTNDaWZyYW1lJTIwc3JjJTNEJTIyaHR0cHMlM0ElMkYlMkZ3d3cuZ29vZ2xlLmNvbSUyRm1hcHMlMkZlbWJlZCUzRnBiJTNEJTIxMW0xOCUyMTFtMTIlMjExbTMlMjExZDI5ODQuMDM4MDAzMjk3Mjg4NSUyMTJkMi41NzMzOTQ1MTU4Njc4MDklMjEzZDQxLjU5MDA2MDU5MTM2ODMyJTIxMm0zJTIxMWYwJTIxMmYwJTIxM2YwJTIxM20yJTIxMWkxMDI0JTIxMmk3NjglMjE0ZjEzLjElMjEzbTMlMjExbTIlMjExczB4MTJiYjM2MzVjYTdjM2FjZiUyNTNBMHgyZTY0NGYwZDA0Y2JmM2NkJTIxMnNDYXJyZXIlMjUyMEN1YmElMjUyQyUyNTIwMjMlMjUyQyUyNTIwMDgzNjAlMjUyMENhbmV0JTI1MjBkZSUyNTIwTWFyJTI1MkMlMjUyMEJhcmNlbG9uYSUyMTVlMCUyMTNtMiUyMTFzY2ElMjEyc2VzJTIxNHYxNjI1MjUwNjE1OTc3JTIxNW0yJTIxMXNjYSUyMTJzZXMlMjIlMjB3aWR0aCUzRCUyMjEwMCUyNSUyMiUyMGhlaWdodCUzRCUyMjQ1MCUyMiUyMHN0eWxlJTNEJTIyYm9yZGVyJTNBMCUzQiUyMiUyMGFsbG93ZnVsbHNjcmVlbiUzRCUyMiUyMiUyMGxvYWRpbmclM0QlMjJsYXp5JTIyJTNFJTNDJTJGaWZyYW1lJTNF[\/vc_raw_html]<div class=\"spacer\" style=\"height: 40px;\"><\/div><h2 class=\"headline font-special fontsize-m fontweight-700 lh-inherit align-left transform-uppercase \" style=\"margin: 0 0 20px 0;\">WAYAVA est\u00e0 encantada d&#8217;escoltar-te<\/p>\n<\/h2>[vc_column_text]Si vols contactar amb Wayava el m\u00e9s aviat possible, ser\u00e0 m\u00e9s f\u00e0cil que ens localitzis per tel\u00e8fon.[\/vc_column_text]<div class=\"headline font-special fontsize-xxxl fontweight-700 lh-12 align-left transform-uppercase \" style=\"margin: -20px 0 -10px 0; color: #e9505a;\">+34 678 490 171<\/p>\n<\/div><div class=\"spacer\" style=\"height: 10px;\"><\/div><div class=\"headline font-special fontsize-s fontweight-700 lh-20 align-left transform-uppercase \" style=\"margin: 0 0 40px 0; color: #999999;\">ENS TROBAR\u00c0S DE 9.30 A 18.30<\/p>\n<\/div>[\/vc_column][\/vc_row]<\/p>\n","protected":false},"excerpt":{"rendered":"<p>[vc_row bg_color=&#8221;#e8424f&#8221; text_color=&#8221;light&#8221; top_padding=&#8221;200&#8243; bottom_padding=&#8221;110&#8243; bg_position=&#8221;center center&#8221;][vc_column width=&#8221;1\/1&#8243;][\/vc_column][\/vc_row][vc_row top_padding=&#8221;80&#8243; bottom_padding=&#8221;80&#8243; bg_position=&#8221;left top&#8221;][vc_column width=&#8221;1\/2&#8243;][vc_column_text]Si t&#8217;agrada escriure, a Wayava li encanta llegir-te. Tens dubtes? Envia&#8217;ns les teves preguntes, suggeriments o comentaris! Contestarem el m\u00e9s r\u00e0pid que ens sigui possible.[\/vc_column_text][\/vc_column][vc_column width=&#8221;1\/2&#8243;][vc_raw_html]JTNDaWZyYW1lJTIwc3JjJTNEJTIyaHR0cHMlM0ElMkYlMkZ3d3cuZ29vZ2xlLmNvbSUyRm1hcHMlMkZlbWJlZCUzRnBiJTNEJTIxMW0xOCUyMTFtMTIlMjExbTMlMjExZDI5ODQuMDM4MDAzMjk3Mjg4NSUyMTJkMi41NzMzOTQ1MTU4Njc4MDklMjEzZDQxLjU5MDA2MDU5MTM2ODMyJTIxMm0zJTIxMWYwJTIxMmYwJTIxM2YwJTIxM20yJTIxMWkxMDI0JTIxMmk3NjglMjE0ZjEzLjElMjEzbTMlMjExbTIlMjExczB4MTJiYjM2MzVjYTdjM2FjZiUyNTNBMHgyZTY0NGYwZDA0Y2JmM2NkJTIxMnNDYXJyZXIlMjUyMEN1YmElMjUyQyUyNTIwMjMlMjUyQyUyNTIwMDgzNjAlMjUyMENhbmV0JTI1MjBkZSUyNTIwTWFyJTI1MkMlMjUyMEJhcmNlbG9uYSUyMTVlMCUyMTNtMiUyMTFzY2ElMjEyc2VzJTIxNHYxNjI1MjUwNjE1OTc3JTIxNW0yJTIxMXNjYSUyMTJzZXMlMjIlMjB3aWR0aCUzRCUyMjEwMCUyNSUyMiUyMGhlaWdodCUzRCUyMjQ1MCUyMiUyMHN0eWxlJTNEJTIyYm9yZGVyJTNBMCUzQiUyMiUyMGFsbG93ZnVsbHNjcmVlbiUzRCUyMiUyMiUyMGxvYWRpbmclM0QlMjJsYXp5JTIyJTNFJTNDJTJGaWZyYW1lJTNF[\/vc_raw_html][vc_column_text]Si vols contactar amb Wayava el m\u00e9s aviat possible, ser\u00e0 m\u00e9s f\u00e0cil que ens localitzis per tel\u00e8fon.[\/vc_column_text][\/vc_column][\/vc_row]<\/p>\n","protected":false},"author":1,"featured_media":0,"parent":0,"menu_order":0,"comment_status":"open","ping_status":"open","template":"","meta":{"footnotes":""},"class_list":["post-17082","page","type-page","status-publish","hentry"],"yoast_head":"<!-- This site is optimized with the Yoast SEO Premium plugin v16.6 (Yoast SEO v19.11) - https:\/\/yoast.com\/wordpress\/plugins\/seo\/ -->\n<title>CONTACTA&#039;NS - Wayava estudi de disseny i comunicaci\u00f3<\/title>\n<meta name=\"description\" content=\"Si t&#039;agrada escriure, a Wayava li encanta llegir-te. Tens dubtes? Envia&#039;ns les teves preguntes, suggeriments o comentaris! Contestarem el m\u00e9s r\u00e0pid que Wayava ofereix una gesti\u00f3 de la comunicaci\u00f3 completa, personalitzada i eficient. Entenent per gesti\u00f3 de la comunicaci\u00f3 des de l\u2019estudi de la necessitat que t\u00e9 el client, la creativitat i la planificaci\u00f3; fins al disseny del projecte i la producci\u00f3. ANIMA\u2019T, TREBALLEM JUNTS!\" \/>\n<meta name=\"robots\" content=\"index, follow, max-snippet:-1, max-image-preview:large, max-video-preview:-1\" \/>\n<link rel=\"canonical\" href=\"https:\/\/wayava.net\/?page_id=17082\" \/>\n<meta property=\"og:locale\" content=\"ca_ES\" \/>\n<meta property=\"og:type\" content=\"article\" \/>\n<meta property=\"og:title\" content=\"CONTACTA&#039;NS\" \/>\n<meta property=\"og:description\" content=\"Si t&#039;agrada escriure, a Wayava li encanta llegir-te. Tens dubtes? Envia&#039;ns les teves preguntes, suggeriments o comentaris! Contestarem el m\u00e9s r\u00e0pid que Wayava ofereix una gesti\u00f3 de la comunicaci\u00f3 completa, personalitzada i eficient. Entenent per gesti\u00f3 de la comunicaci\u00f3 des de l\u2019estudi de la necessitat que t\u00e9 el client, la creativitat i la planificaci\u00f3; fins al disseny del projecte i la producci\u00f3. ANIMA\u2019T, TREBALLEM JUNTS!\" \/>\n<meta property=\"og:url\" content=\"https:\/\/wayava.net\/?page_id=17082\" \/>\n<meta property=\"og:site_name\" content=\"Wayava estudi de disseny i comunicaci\u00f3\" \/>\n<meta property=\"article:publisher\" content=\"https:\/\/www.facebook.com\/wayava-112930643032\/?fref=ts\" \/>\n<meta property=\"article:modified_time\" content=\"2021-07-02T18:30:43+00:00\" \/>\n<meta name=\"twitter:card\" content=\"summary_large_image\" \/>\n<meta name=\"twitter:label1\" content=\"Temps estimat de lectura\" \/>\n\t<meta name=\"twitter:data1\" content=\"2 minuts\" \/>\n<script type=\"application\/ld+json\" class=\"yoast-schema-graph\">{\"@context\":\"https:\/\/schema.org\",\"@graph\":[{\"@type\":\"WebPage\",\"@id\":\"https:\/\/wayava.net\/?page_id=17082\",\"url\":\"https:\/\/wayava.net\/?page_id=17082\",\"name\":\"CONTACTA'NS - Wayava estudi de disseny i comunicaci\u00f3\",\"isPartOf\":{\"@id\":\"https:\/\/wayava.net\/#website\"},\"datePublished\":\"2017-02-07T16:13:25+00:00\",\"dateModified\":\"2021-07-02T18:30:43+00:00\",\"description\":\"Si t'agrada escriure, a Wayava li encanta llegir-te. Tens dubtes? Envia'ns les teves preguntes, suggeriments o comentaris! Contestarem el m\u00e9s r\u00e0pid que Wayava ofereix una gesti\u00f3 de la comunicaci\u00f3 completa, personalitzada i eficient. Entenent per gesti\u00f3 de la comunicaci\u00f3 des de l\u2019estudi de la necessitat que t\u00e9 el client, la creativitat i la planificaci\u00f3; fins al disseny del projecte i la producci\u00f3. ANIMA\u2019T, TREBALLEM JUNTS!\",\"breadcrumb\":{\"@id\":\"https:\/\/wayava.net\/?page_id=17082#breadcrumb\"},\"inLanguage\":\"ca\",\"potentialAction\":[{\"@type\":\"ReadAction\",\"target\":[\"https:\/\/wayava.net\/?page_id=17082\"]}]},{\"@type\":\"BreadcrumbList\",\"@id\":\"https:\/\/wayava.net\/?page_id=17082#breadcrumb\",\"itemListElement\":[{\"@type\":\"ListItem\",\"position\":1,\"name\":\"Home\",\"item\":\"https:\/\/wayava.net\/\"},{\"@type\":\"ListItem\",\"position\":2,\"name\":\"CONTACTA&#8217;NS\"}]},{\"@type\":\"WebSite\",\"@id\":\"https:\/\/wayava.net\/#website\",\"url\":\"https:\/\/wayava.net\/\",\"name\":\"Wayava estudi de disseny i comunicaci\u00f3\",\"description\":\"estudi de disseny gr\u00e0fic i comunicaci\u00f3 de Barcelona\",\"publisher\":{\"@id\":\"https:\/\/wayava.net\/#organization\"},\"potentialAction\":[{\"@type\":\"SearchAction\",\"target\":{\"@type\":\"EntryPoint\",\"urlTemplate\":\"https:\/\/wayava.net\/?s={search_term_string}\"},\"query-input\":\"required name=search_term_string\"}],\"inLanguage\":\"ca\"},{\"@type\":\"Organization\",\"@id\":\"https:\/\/wayava.net\/#organization\",\"name\":\"Wayava estudi de disseny i comunicaci\u00f3\",\"url\":\"https:\/\/wayava.net\/\",\"logo\":{\"@type\":\"ImageObject\",\"inLanguage\":\"ca\",\"@id\":\"https:\/\/wayava.net\/#\/schema\/logo\/image\/\",\"url\":\"https:\/\/wayava.net\/wp-content\/uploads\/LOGO_peke-04.png\",\"contentUrl\":\"https:\/\/wayava.net\/wp-content\/uploads\/LOGO_peke-04.png\",\"width\":129,\"height\":99,\"caption\":\"Wayava estudi de disseny i comunicaci\u00f3\"},\"image\":{\"@id\":\"https:\/\/wayava.net\/#\/schema\/logo\/image\/\"},\"sameAs\":[\"https:\/\/www.instagram.com\/hausita\/\",\"https:\/\/www.linkedin.com\/in\/anna-gimenez-hausmann-89a42516\/\",\"https:\/\/es.pinterest.com\/hausita\/\",\"https:\/\/www.facebook.com\/wayava-112930643032\/?fref=ts\"]}]}<\/script>\n<!-- \/ Yoast SEO Premium plugin. -->","yoast_head_json":{"title":"CONTACTA'NS - Wayava estudi de disseny i comunicaci\u00f3","description":"Si t'agrada escriure, a Wayava li encanta llegir-te. Tens dubtes? Envia'ns les teves preguntes, suggeriments o comentaris! Contestarem el m\u00e9s r\u00e0pid que Wayava ofereix una gesti\u00f3 de la comunicaci\u00f3 completa, personalitzada i eficient. Entenent per gesti\u00f3 de la comunicaci\u00f3 des de l\u2019estudi de la necessitat que t\u00e9 el client, la creativitat i la planificaci\u00f3; fins al disseny del projecte i la producci\u00f3. ANIMA\u2019T, TREBALLEM JUNTS!","robots":{"index":"index","follow":"follow","max-snippet":"max-snippet:-1","max-image-preview":"max-image-preview:large","max-video-preview":"max-video-preview:-1"},"canonical":"https:\/\/wayava.net\/?page_id=17082","og_locale":"ca_ES","og_type":"article","og_title":"CONTACTA'NS","og_description":"Si t'agrada escriure, a Wayava li encanta llegir-te. Tens dubtes? Envia'ns les teves preguntes, suggeriments o comentaris! Contestarem el m\u00e9s r\u00e0pid que Wayava ofereix una gesti\u00f3 de la comunicaci\u00f3 completa, personalitzada i eficient. Entenent per gesti\u00f3 de la comunicaci\u00f3 des de l\u2019estudi de la necessitat que t\u00e9 el client, la creativitat i la planificaci\u00f3; fins al disseny del projecte i la producci\u00f3. ANIMA\u2019T, TREBALLEM JUNTS!","og_url":"https:\/\/wayava.net\/?page_id=17082","og_site_name":"Wayava estudi de disseny i comunicaci\u00f3","article_publisher":"https:\/\/www.facebook.com\/wayava-112930643032\/?fref=ts","article_modified_time":"2021-07-02T18:30:43+00:00","twitter_card":"summary_large_image","twitter_misc":{"Temps estimat de lectura":"2 minuts"},"schema":{"@context":"https:\/\/schema.org","@graph":[{"@type":"WebPage","@id":"https:\/\/wayava.net\/?page_id=17082","url":"https:\/\/wayava.net\/?page_id=17082","name":"CONTACTA'NS - Wayava estudi de disseny i comunicaci\u00f3","isPartOf":{"@id":"https:\/\/wayava.net\/#website"},"datePublished":"2017-02-07T16:13:25+00:00","dateModified":"2021-07-02T18:30:43+00:00","description":"Si t'agrada escriure, a Wayava li encanta llegir-te. Tens dubtes? Envia'ns les teves preguntes, suggeriments o comentaris! Contestarem el m\u00e9s r\u00e0pid que Wayava ofereix una gesti\u00f3 de la comunicaci\u00f3 completa, personalitzada i eficient. Entenent per gesti\u00f3 de la comunicaci\u00f3 des de l\u2019estudi de la necessitat que t\u00e9 el client, la creativitat i la planificaci\u00f3; fins al disseny del projecte i la producci\u00f3. ANIMA\u2019T, TREBALLEM JUNTS!","breadcrumb":{"@id":"https:\/\/wayava.net\/?page_id=17082#breadcrumb"},"inLanguage":"ca","potentialAction":[{"@type":"ReadAction","target":["https:\/\/wayava.net\/?page_id=17082"]}]},{"@type":"BreadcrumbList","@id":"https:\/\/wayava.net\/?page_id=17082#breadcrumb","itemListElement":[{"@type":"ListItem","position":1,"name":"Home","item":"https:\/\/wayava.net\/"},{"@type":"ListItem","position":2,"name":"CONTACTA&#8217;NS"}]},{"@type":"WebSite","@id":"https:\/\/wayava.net\/#website","url":"https:\/\/wayava.net\/","name":"Wayava estudi de disseny i comunicaci\u00f3","description":"estudi de disseny gr\u00e0fic i comunicaci\u00f3 de Barcelona","publisher":{"@id":"https:\/\/wayava.net\/#organization"},"potentialAction":[{"@type":"SearchAction","target":{"@type":"EntryPoint","urlTemplate":"https:\/\/wayava.net\/?s={search_term_string}"},"query-input":"required name=search_term_string"}],"inLanguage":"ca"},{"@type":"Organization","@id":"https:\/\/wayava.net\/#organization","name":"Wayava estudi de disseny i comunicaci\u00f3","url":"https:\/\/wayava.net\/","logo":{"@type":"ImageObject","inLanguage":"ca","@id":"https:\/\/wayava.net\/#\/schema\/logo\/image\/","url":"https:\/\/wayava.net\/wp-content\/uploads\/LOGO_peke-04.png","contentUrl":"https:\/\/wayava.net\/wp-content\/uploads\/LOGO_peke-04.png","width":129,"height":99,"caption":"Wayava estudi de disseny i comunicaci\u00f3"},"image":{"@id":"https:\/\/wayava.net\/#\/schema\/logo\/image\/"},"sameAs":["https:\/\/www.instagram.com\/hausita\/","https:\/\/www.linkedin.com\/in\/anna-gimenez-hausmann-89a42516\/","https:\/\/es.pinterest.com\/hausita\/","https:\/\/www.facebook.com\/wayava-112930643032\/?fref=ts"]}]}},"_links":{"self":[{"href":"https:\/\/wayava.net\/index.php?rest_route=\/wp\/v2\/pages\/17082"}],"collection":[{"href":"https:\/\/wayava.net\/index.php?rest_route=\/wp\/v2\/pages"}],"about":[{"href":"https:\/\/wayava.net\/index.php?rest_route=\/wp\/v2\/types\/page"}],"author":[{"embeddable":true,"href":"https:\/\/wayava.net\/index.php?rest_route=\/wp\/v2\/users\/1"}],"replies":[{"embeddable":true,"href":"https:\/\/wayava.net\/index.php?rest_route=%2Fwp%2Fv2%2Fcomments&post=17082"}],"version-history":[{"count":10,"href":"https:\/\/wayava.net\/index.php?rest_route=\/wp\/v2\/pages\/17082\/revisions"}],"predecessor-version":[{"id":18219,"href":"https:\/\/wayava.net\/index.php?rest_route=\/wp\/v2\/pages\/17082\/revisions\/18219"}],"wp:attachment":[{"href":"https:\/\/wayava.net\/index.php?rest_route=%2Fwp%2Fv2%2Fmedia&parent=17082"}],"curies":[{"name":"wp","href":"https:\/\/api.w.org\/{rel}","templated":true}]}}