{"id":16929,"date":"2016-11-15T12:52:41","date_gmt":"2016-11-15T12:52:41","guid":{"rendered":"https:\/\/wayava.net\/?page_id=16929"},"modified":"2017-04-27T08:12:38","modified_gmt":"2017-04-27T08:12:38","slug":"asesorias","status":"publish","type":"page","link":"https:\/\/wayava.net\/?page_id=16929&lang=es","title":{"rendered":"Asesor\u00edas"},"content":{"rendered":"<p>[vc_row top_padding=&#8221;100&#8243; bottom_padding=&#8221;20&#8243;][vc_column width=&#8221;1\/1&#8243;]<div class=\"divider-title align-center\" >ASESOR\u00cdA EN<\/div>[\/vc_column][\/vc_row][vc_row top_padding=&#8221;0&#8243; bottom_padding=&#8221;40&#8243;][vc_column width=&#8221;1\/3&#8243;]<div class=\"single_image wpb_content_element align-center  image_box_rounded image_zoom \" data-animation=\"none\" data-delay=\"0\"><img loading=\"lazy\" decoding=\"async\" width=\"372\" height=\"314\" src=\"https:\/\/wayava.net\/wp-content\/uploads\/asesorias1.png\" class=\"attachment-full\" alt=\"\" title=\"asesorias1\" srcset=\"https:\/\/wayava.net\/wp-content\/uploads\/asesorias1.png 372w, https:\/\/wayava.net\/wp-content\/uploads\/asesorias1-300x253.png 300w\" sizes=\"(max-width: 372px) 100vw, 372px\" \/><\/div><h1 class=\"headline font-special fontsize-xxl fontweight-700 lh-12 align-left transform-uppercase \" style=\"margin: 0 0 20px 0; color: #e9505a;\">BRANDING<\/h1><div class=\"divider divider5\" style='margin:20px 0 20px 0 !important;'><\/div>[vc_column_text]<strong>El primer paso es tener la idea de negocio. <\/strong><br \/>\n<strong>Y ese ya lo has dado t\u00fa.<\/strong><\/p>\n<p>Wayava te ayudar\u00e1 a concretar tu misi\u00f3n, tu visi\u00f3n y tus valores corporativos y detectar\u00e1 y definir\u00e1 tu p\u00fablico objetivo. Finalmente definir\u00e1 tu Identidad Corporativa.<\/p>\n<p>En base a tu Identidad Corporativa, vestir\u00e1 tu negocio con la marca m\u00e1s adecuada y desenvolupar\u00e1 la experiencia de marca m\u00e1s adecuada a tu organizaci\u00f3n.[\/vc_column_text][\/vc_column][vc_column width=&#8221;1\/3&#8243;]<div class=\"single_image wpb_content_element align-center  image_box_rounded image_zoom \" data-animation=\"none\" data-delay=\"0\"><img loading=\"lazy\" decoding=\"async\" width=\"372\" height=\"314\" src=\"https:\/\/wayava.net\/wp-content\/uploads\/asesorias2.png\" class=\"attachment-full\" alt=\"\" title=\"asesorias2\" srcset=\"https:\/\/wayava.net\/wp-content\/uploads\/asesorias2.png 372w, https:\/\/wayava.net\/wp-content\/uploads\/asesorias2-300x253.png 300w\" sizes=\"(max-width: 372px) 100vw, 372px\" \/><\/div><h1 class=\"headline font-special fontsize-xxl fontweight-700 lh-12 align-left transform-uppercase \" style=\"margin: 0 0 20px 0; color: #e9505a;\">COMUNICACI\u00d3N<\/h1><div class=\"divider divider5\" style='margin:20px 0 20px 0 !important;'><\/div>[vc_column_text]<strong>El segundo paso es saber c\u00f3mo comunicarse y cuando.<br \/>\n<\/strong><\/p>\n<p>Wayava te asesorar\u00e1 para crear, o mejorar, tu estrategia de comunicaci\u00f3n. Definiendo las pautas en base a tu identidad corporativa, orient\u00e1ndote en las l\u00edneas comunicativas m\u00e1s adecuadas para cada p\u00fablico objetivo y asesor\u00e1ndote en las comunicaciones (online y offline) m\u00e1s necesarias para tu empresa.[\/vc_column_text][\/vc_column][vc_column width=&#8221;1\/3&#8243;]<div class=\"single_image wpb_content_element align-center  image_box_rounded image_zoom \" data-animation=\"none\" data-delay=\"0\"><img loading=\"lazy\" decoding=\"async\" width=\"372\" height=\"314\" src=\"https:\/\/wayava.net\/wp-content\/uploads\/asesorias3.png\" class=\"attachment-full\" alt=\"\" title=\"asesorias3\" srcset=\"https:\/\/wayava.net\/wp-content\/uploads\/asesorias3.png 372w, https:\/\/wayava.net\/wp-content\/uploads\/asesorias3-300x253.png 300w\" sizes=\"(max-width: 372px) 100vw, 372px\" \/><\/div><h1 class=\"headline font-special fontsize-xxl fontweight-700 lh-12 align-left transform-uppercase \" style=\"margin: 0 0 20px 0; color: #e9505a;\">M\u00c1RKETING<\/h1><div class=\"divider divider5\" style='margin:20px 0 20px 0 !important;'><\/div>[vc_column_text]<strong>El \u00faltimo paso es amplificar tu alcance.<\/strong><\/p>\n<p>Wayava te ayudar\u00e1 a crear y planificar (o mejorar) tu estrategia de m\u00e1rketing. A definir qu\u00e9 objetivos buscas con ella. A analizar tu industria,\u00a0 sector y competencia. A escuchar tus clientes y p\u00fablico potencial.<\/p>\n<p>Y con toda esta informaci\u00f3n, desarrollar\u00e1 las acciones de m\u00e1rketing m\u00e1s adecuadas a tu empresa.[\/vc_column_text][\/vc_column][\/vc_row][vc_row text_align=&#8221;center&#8221; top_padding=&#8221;30&#8243; bottom_padding=&#8221;100&#8243;][vc_column text_align=&#8221;center&#8221; width=&#8221;1\/1&#8243;]<a href=\"https:\/\/wayava.net\/?page_id=4982&#038;lang=es\" target=\"_self\" class=\"button color-3 full \" style=\"border-radius: 2px;\">\u00bfTE AYUDAMOS?<\/a>[\/vc_column][\/vc_row][vc_row type=&#8221;full_width_section&#8221; bg_color=&#8221;#e9505a&#8221; top_padding=&#8221;100&#8243; bottom_padding=&#8221;40&#8243;][vc_column text_align=&#8221;center&#8221; width=&#8221;1\/1&#8243;]<h1 class=\"headline font-special fontsize-xxl fontweight-700 lh-12 align-center transform-uppercase \" style=\"margin: 0 0 20px 0; color: #ffffff;\">NUESTROS TRABAJOS HABLAN POR NOSOTROS<\/h1><div class=\"spacer\" style=\"height: 80px;\"><\/div>\n\t\t<div class=\"portfolio-element\">\n\n\t\t\n\t\t\t\t\t<div class=\"container\">\n\t\t\n\t\t\t\t\t<div id=\"1150087348\" class=\"portfolio-items portfolio-grid portfolio-overlay-name clearfix\" data-id=\"1150087348\">  \n\t\t\t\t\t\t\n\t\t\t\t\t\t\t\n\t\t\t\t\t\t\t\n\t\t\t\t\t\t\n\t\t\t\t\t\t\t\t\t\t\t\t\t\t\t\t\n\t\t\t\t\t\t\t\t   \n\n\t\t\t\t\t\t\t\t<div class=\"term-cartells portfolio-item four columns\">\n\t\t\t\t\t\t\t\t\t<div class=\"portfolio-image\"><a href=\"https:\/\/wayava.net\/?portfolio=eix-clot-cartells-per-a-diferents-promocions-i-activitats\" title=\"Eix Clot :: Cartells per a diferents promocions i activitats\"><div class=\"portfolio-image-img\"><img decoding=\"async\" src=\"https:\/\/wayava.net\/wp-content\/uploads\/EixClot_cartell-Destacada.jpg\" alt=\"Eix Clot :: Cartells per a diferents promocions i activitats\" \/><\/div><div class=\"portfolio-overlay overlay-name\"><span>Eix Clot :: Cartells per a diferents promocions i activitats<\/span><i class=\"icon-minti-plus\"><\/i><\/div><\/a><\/div>\n\t\t\t\t\t\t\t\t<\/div>\n\n\t\t\t\t\t\t\t\t\t\t\t\t  \n\t\t\t\t\t\t\n\t\t\t\t\t\t\t\n\t\t\t\t\t\t\t\n\t\t\t\t\t\t\n\t\t\t\t\t\t\t\t\t\t\t\t\t\t\t\t\n\t\t\t\t\t\t\t\t   \n\n\t\t\t\t\t\t\t\t<div class=\"term-diseno-web-ca portfolio-item four columns\">\n\t\t\t\t\t\t\t\t\t<div class=\"portfolio-image\"><a href=\"https:\/\/wayava.net\/?portfolio=casal-font-den-fargues-plantilla-butlleti-electronic\" title=\"Casal Font d&#8217;en Fargues :: Plantilla butllet\u00ed electr\u00f2nic\"><div class=\"portfolio-image-img\"><img decoding=\"async\" src=\"https:\/\/wayava.net\/wp-content\/uploads\/CasalFontFargues_Destacada.jpg\" alt=\"Casal Font d&#8217;en Fargues :: Plantilla butllet\u00ed electr\u00f2nic\" \/><\/div><div class=\"portfolio-overlay overlay-name\"><span>Casal Font d&#8217;en Fargues :: Plantilla butllet\u00ed electr\u00f2nic<\/span><i class=\"icon-minti-plus\"><\/i><\/div><\/a><\/div>\n\t\t\t\t\t\t\t\t<\/div>\n\n\t\t\t\t\t\t\t\t\t\t\t\t  \n\t\t\t\t\t\t\n\t\t\t\t\t\t\t\n\t\t\t\t\t\t\t\n\t\t\t\t\t\t\n\t\t\t\t\t\t\t\t\t\t\t\t\t\t\t\t\n\t\t\t\t\t\t\t\t   \n\n\t\t\t\t\t\t\t\t<div class=\"term-app term-diseno-web-ca portfolio-item four columns\">\n\t\t\t\t\t\t\t\t\t<div class=\"portfolio-image\"><a href=\"https:\/\/wayava.net\/?portfolio=fecca-app\" title=\"FECCA :: Aplicaci\u00f3 m\u00f2bil\"><div class=\"portfolio-image-img\"><img decoding=\"async\" src=\"https:\/\/wayava.net\/wp-content\/uploads\/FECCA_app-destacada.jpg\" alt=\"FECCA :: Aplicaci\u00f3 m\u00f2bil\" \/><\/div><div class=\"portfolio-overlay overlay-name\"><span>FECCA :: Aplicaci\u00f3 m\u00f2bil<\/span><i class=\"icon-minti-plus\"><\/i><\/div><\/a><\/div>\n\t\t\t\t\t\t\t\t<\/div>\n\n\t\t\t\t\t\t\t\t\t\t\t\t  \n\t\t\t\t\t\t\n\t\t\t\t\t\t\t\n\t\t\t\t\t\t\t\n\t\t\t\t\t\t\n\t\t\t\t\t\t\t\t\t\t\t\t\t\t\t\t\n\t\t\t\t\t\t\t\t   \n\n\t\t\t\t\t\t\t\t<div class=\"term-cartells portfolio-item four columns\">\n\t\t\t\t\t\t\t\t\t<div class=\"portfolio-image\"><a href=\"https:\/\/wayava.net\/?portfolio=ajuntament-de-queralbs-diferents-cartells\" title=\"Ajuntament de Queralbs :: Diferents cartells\"><div class=\"portfolio-image-img\"><img decoding=\"async\" src=\"https:\/\/wayava.net\/wp-content\/uploads\/AjQueralbs_Cartells-destacada.jpg\" alt=\"Ajuntament de Queralbs :: Diferents cartells\" \/><\/div><div class=\"portfolio-overlay overlay-name\"><span>Ajuntament de Queralbs :: Diferents cartells<\/span><i class=\"icon-minti-plus\"><\/i><\/div><\/a><\/div>\n\t\t\t\t\t\t\t\t<\/div>\n\n\t\t\t\t\t\t\t\t\t\t\t\t  \n\t\t\t\t\t\t\n\t\t\t\t\t\t\t\n\t\t\t\t\t\t\t\n\t\t\t\t\t\t\n\t\t\t\t\t\t\t\t\t\t\t\t\t\t\t\t\n\t\t\t\t\t\t\t\t   \n\n\t\t\t\t\t\t\t\t<div class=\"term-cartells portfolio-item four columns\">\n\t\t\t\t\t\t\t\t\t<div class=\"portfolio-image\"><a href=\"https:\/\/wayava.net\/?portfolio=eix-clot-campanya-de-nadal-2020\" title=\"Eix Clot  ::  Campanya de Nadal 2020\"><div class=\"portfolio-image-img\"><img decoding=\"async\" src=\"https:\/\/wayava.net\/wp-content\/uploads\/EixClot_CampanyaNadal2020_destacada.jpg\" alt=\"Eix Clot  ::  Campanya de Nadal 2020\" \/><\/div><div class=\"portfolio-overlay overlay-name\"><span>Eix Clot  ::  Campanya de Nadal 2020<\/span><i class=\"icon-minti-plus\"><\/i><\/div><\/a><\/div>\n\t\t\t\t\t\t\t\t<\/div>\n\n\t\t\t\t\t\t\t\t\t\t\t\t  \n\t\t\t\t\t\t\n\t\t\t\t\t\t\t\n\t\t\t\t\t\t\t\n\t\t\t\t\t\t\n\t\t\t\t\t\t\t\t\t\t\t\t\t\t\t\t\n\t\t\t\t\t\t\t\t   \n\n\t\t\t\t\t\t\t\t<div class=\"term-disseny-editorial-ca term-disseny-grafic-2-ca portfolio-item four columns\">\n\t\t\t\t\t\t\t\t\t<div class=\"portfolio-image\"><a href=\"https:\/\/wayava.net\/?portfolio=aice-carta-de-les-ciutats-educadores\" title=\"AICE  ::  Carta de les Ciutats Educadores\"><div class=\"portfolio-image-img\"><img decoding=\"async\" src=\"https:\/\/wayava.net\/wp-content\/uploads\/AICE_Carta-destacada.jpg\" alt=\"AICE  ::  Carta de les Ciutats Educadores\" \/><\/div><div class=\"portfolio-overlay overlay-name\"><span>AICE  ::  Carta de les Ciutats Educadores<\/span><i class=\"icon-minti-plus\"><\/i><\/div><\/a><\/div>\n\t\t\t\t\t\t\t\t<\/div>\n\n\t\t\t\t\t\t\t\t\t\t\t\t  \n\t\t\t\t\t\t\n\t\t\t\t\t\t\t\n\t\t\t\t\t\t\t\n\t\t\t\t\t\t\n\t\t\t\t\t\t\t\t\t\t\t\t\t\t\t\t\n\t\t\t\t\t\t\t\t   \n\n\t\t\t\t\t\t\t\t<div class=\"term-identidad-corporativa-ca term-diseno-web-ca portfolio-item four columns\">\n\t\t\t\t\t\t\t\t\t<div class=\"portfolio-image\"><a href=\"https:\/\/wayava.net\/?portfolio=minisite-recursos-covid-19\" title=\"TORRE JUSSANA  ::  MiniSite Recursos COVID-19\"><div class=\"portfolio-image-img\"><img decoding=\"async\" src=\"https:\/\/wayava.net\/wp-content\/uploads\/TJ-WEB_MinisiteCOVID_destacada.jpg\" alt=\"TORRE JUSSANA  ::  MiniSite Recursos COVID-19\" \/><\/div><div class=\"portfolio-overlay overlay-name\"><span>TORRE JUSSANA  ::  MiniSite Recursos COVID-19<\/span><i class=\"icon-minti-plus\"><\/i><\/div><\/a><\/div>\n\t\t\t\t\t\t\t\t<\/div>\n\n\t\t\t\t\t\t\t\t\t\t\t\t  \n\t\t\t\t\t\t\n\t\t\t\t\t\t\t\n\t\t\t\t\t\t\t\n\t\t\t\t\t\t\n\t\t\t\t\t\t\t\t\t\t\t\t\t\t\t\t\n\t\t\t\t\t\t\t\t   \n\n\t\t\t\t\t\t\t\t<div class=\"term-diseno-web-ca portfolio-item four columns\">\n\t\t\t\t\t\t\t\t\t<div class=\"portfolio-image\"><a href=\"https:\/\/wayava.net\/?portfolio=fecca-web-corporatiu\" title=\"FECCA  ::  Web Corporatiu\"><div class=\"portfolio-image-img\"><img decoding=\"async\" src=\"https:\/\/wayava.net\/wp-content\/uploads\/FECCAweb_destacada.jpg\" alt=\"FECCA  ::  Web Corporatiu\" \/><\/div><div class=\"portfolio-overlay overlay-name\"><span>FECCA  ::  Web Corporatiu<\/span><i class=\"icon-minti-plus\"><\/i><\/div><\/a><\/div>\n\t\t\t\t\t\t\t\t<\/div>\n\n\t\t\t\t\t\t\t\t\t\t\t\t  \n\t\t\t\t\t\t\t\t\t\t\t<\/div>\n\n\t\t\t\t\t<\/div>\n\t\t\n\t\t<\/div>\n\t\t\t\n\t\t\t\t\n\t\t[\/vc_column][\/vc_row][vc_row bg_color=&#8221;#e9505a&#8221; bottom_padding=&#8221;100&#8243;][vc_column text_align=&#8221;right&#8221; width=&#8221;1\/2&#8243;][vc_column_text]<\/p>\n<p style=\"text-align: right;\"><a href=\"https:\/\/wayava.net\/?page_id=15713&#038;lang=es\" target=\"_self\" class=\"button color-1 large \" style=\"border-radius: 2px;\">CURIOSEAR M\u00c1S TRABAJOS<\/a>\n<p>[\/vc_column_text][\/vc_column][vc_column width=&#8221;1\/2&#8243;][vc_column_text]<\/p>\n<p style=\"text-align: left;\"><a href=\"https:\/\/wayava.net\/?page_id=17311&#038;lang=es\" target=\"_self\" class=\"button color-1 large \" style=\"border-radius: 2px;\">CONSULTAR SERVICIOS ESPEC\u00cdFICOS<\/a>\n<p>[\/vc_column_text][\/vc_column][\/vc_row]<\/p>\n","protected":false},"excerpt":{"rendered":"<p>[vc_row top_padding=&#8221;100&#8243; bottom_padding=&#8221;20&#8243;][vc_column width=&#8221;1\/1&#8243;][\/vc_column][\/vc_row][vc_row top_padding=&#8221;0&#8243; bottom_padding=&#8221;40&#8243;][vc_column width=&#8221;1\/3&#8243;][vc_column_text]El primer paso es tener la idea de negocio. Y ese ya lo has dado t\u00fa. Wayava te ayudar\u00e1 a concretar tu misi\u00f3n, tu visi\u00f3n y tus valores corporativos y detectar\u00e1 y definir\u00e1 tu p\u00fablico objetivo. Finalmente definir\u00e1 tu Identidad Corporativa. En base a tu Identidad Corporativa, vestir\u00e1 tu negocio con la marca m\u00e1s adecuada y desenvolupar\u00e1 la experiencia de marca m\u00e1s adecuada a tu organizaci\u00f3n.[\/vc_column_text][\/vc_column][vc_column width=&#8221;1\/3&#8243;][vc_column_text]El segundo paso es saber c\u00f3mo comunicarse y cuando. Wayava te asesorar\u00e1 para crear, o mejorar, tu estrategia de comunicaci\u00f3n. Definiendo las pautas en base a tu identidad corporativa, orient\u00e1ndote en las l\u00edneas comunicativas m\u00e1s adecuadas para cada p\u00fablico objetivo y asesor\u00e1ndote en las comunicaciones (online y offline) m\u00e1s necesarias para tu empresa.[\/vc_column_text][\/vc_column][vc_column width=&#8221;1\/3&#8243;][vc_column_text]El \u00faltimo paso es amplificar tu alcance. Wayava te ayudar\u00e1 a crear y planificar (o mejorar) tu estrategia de m\u00e1rketing. A definir qu\u00e9 objetivos buscas con ella. A analizar tu industria,\u00a0 sector y competencia. A escuchar tus clientes y p\u00fablico potencial. Y con toda esta informaci\u00f3n, desarrollar\u00e1 las acciones de m\u00e1rketing m\u00e1s adecuadas a tu empresa.[\/vc_column_text][\/vc_column][\/vc_row][vc_row text_align=&#8221;center&#8221; top_padding=&#8221;30&#8243; bottom_padding=&#8221;100&#8243;][vc_column text_align=&#8221;center&#8221; width=&#8221;1\/1&#8243;][\/vc_column][\/vc_row][vc_row type=&#8221;full_width_section&#8221; bg_color=&#8221;#e9505a&#8221; top_padding=&#8221;100&#8243; bottom_padding=&#8221;40&#8243;][vc_column text_align=&#8221;center&#8221; width=&#8221;1\/1&#8243;][\/vc_column][\/vc_row][vc_row bg_color=&#8221;#e9505a&#8221; bottom_padding=&#8221;100&#8243;][vc_column text_align=&#8221;right&#8221; width=&#8221;1\/2&#8243;][vc_column_text] [\/vc_column_text][\/vc_column][vc_column width=&#8221;1\/2&#8243;][vc_column_text] [\/vc_column_text][\/vc_column][\/vc_row]<\/p>\n","protected":false},"author":1,"featured_media":0,"parent":0,"menu_order":0,"comment_status":"closed","ping_status":"closed","template":"","meta":{"footnotes":""},"class_list":["post-16929","page","type-page","status-publish","hentry"],"yoast_head":"<!-- This site is optimized with the Yoast SEO Premium plugin v16.6 (Yoast SEO v19.11) - https:\/\/yoast.com\/wordpress\/plugins\/seo\/ -->\n<title>Asesor\u00edas - Wayava estudi de disseny i comunicaci\u00f3<\/title>\n<meta name=\"description\" content=\"El primer paso es tener la idea de negocio. Y ese ya lo has dado t\u00fa. Wayava te ayudar\u00e1 a concretar tu misi\u00f3n, tu visi\u00f3n y tus valores corporativos y Wayava ofereix una gesti\u00f3 de la comunicaci\u00f3 completa, personalitzada i eficient. Entenent per gesti\u00f3 de la comunicaci\u00f3 des de l\u2019estudi de la necessitat que t\u00e9 el client, la creativitat i la planificaci\u00f3; fins al disseny del projecte i la producci\u00f3. ANIMA\u2019T, TREBALLEM JUNTS!\" \/>\n<meta name=\"robots\" content=\"index, follow, max-snippet:-1, max-image-preview:large, max-video-preview:-1\" \/>\n<link rel=\"canonical\" href=\"https:\/\/wayava.net\/?page_id=16929\" \/>\n<meta property=\"og:locale\" content=\"ca_ES\" \/>\n<meta property=\"og:type\" content=\"article\" \/>\n<meta property=\"og:title\" content=\"Asesor\u00edas\" \/>\n<meta property=\"og:description\" content=\"El primer paso es tener la idea de negocio. Y ese ya lo has dado t\u00fa. Wayava te ayudar\u00e1 a concretar tu misi\u00f3n, tu visi\u00f3n y tus valores corporativos y Wayava ofereix una gesti\u00f3 de la comunicaci\u00f3 completa, personalitzada i eficient. Entenent per gesti\u00f3 de la comunicaci\u00f3 des de l\u2019estudi de la necessitat que t\u00e9 el client, la creativitat i la planificaci\u00f3; fins al disseny del projecte i la producci\u00f3. ANIMA\u2019T, TREBALLEM JUNTS!\" \/>\n<meta property=\"og:url\" content=\"https:\/\/wayava.net\/?page_id=16929&amp;lang=es\" \/>\n<meta property=\"og:site_name\" content=\"Wayava estudi de disseny i comunicaci\u00f3\" \/>\n<meta property=\"article:publisher\" content=\"https:\/\/www.facebook.com\/wayava-112930643032\/?fref=ts\" \/>\n<meta property=\"article:modified_time\" content=\"2017-04-27T08:12:38+00:00\" \/>\n<meta name=\"twitter:card\" content=\"summary_large_image\" \/>\n<meta name=\"twitter:label1\" content=\"Temps estimat de lectura\" \/>\n\t<meta name=\"twitter:data1\" content=\"3 minuts\" \/>\n<script type=\"application\/ld+json\" class=\"yoast-schema-graph\">{\"@context\":\"https:\/\/schema.org\",\"@graph\":[{\"@type\":\"WebPage\",\"@id\":\"https:\/\/wayava.net\/?page_id=16929&lang=es\",\"url\":\"https:\/\/wayava.net\/?page_id=16929&lang=es\",\"name\":\"Asesor\u00edas - Wayava estudi de disseny i comunicaci\u00f3\",\"isPartOf\":{\"@id\":\"https:\/\/wayava.net\/#website\"},\"datePublished\":\"2016-11-15T12:52:41+00:00\",\"dateModified\":\"2017-04-27T08:12:38+00:00\",\"description\":\"El primer paso es tener la idea de negocio. Y ese ya lo has dado t\u00fa. Wayava te ayudar\u00e1 a concretar tu misi\u00f3n, tu visi\u00f3n y tus valores corporativos y Wayava ofereix una gesti\u00f3 de la comunicaci\u00f3 completa, personalitzada i eficient. Entenent per gesti\u00f3 de la comunicaci\u00f3 des de l\u2019estudi de la necessitat que t\u00e9 el client, la creativitat i la planificaci\u00f3; fins al disseny del projecte i la producci\u00f3. ANIMA\u2019T, TREBALLEM JUNTS!\",\"breadcrumb\":{\"@id\":\"https:\/\/wayava.net\/?page_id=16929&lang=es#breadcrumb\"},\"inLanguage\":\"ca\",\"potentialAction\":[{\"@type\":\"ReadAction\",\"target\":[\"https:\/\/wayava.net\/?page_id=16929&lang=es\"]}]},{\"@type\":\"BreadcrumbList\",\"@id\":\"https:\/\/wayava.net\/?page_id=16929&lang=es#breadcrumb\",\"itemListElement\":[{\"@type\":\"ListItem\",\"position\":1,\"name\":\"Home\",\"item\":\"https:\/\/wayava.net\/\"},{\"@type\":\"ListItem\",\"position\":2,\"name\":\"Asesor\u00edas\"}]},{\"@type\":\"WebSite\",\"@id\":\"https:\/\/wayava.net\/#website\",\"url\":\"https:\/\/wayava.net\/\",\"name\":\"Wayava estudi de disseny i comunicaci\u00f3\",\"description\":\"estudi de disseny gr\u00e0fic i comunicaci\u00f3 de Barcelona\",\"publisher\":{\"@id\":\"https:\/\/wayava.net\/#organization\"},\"potentialAction\":[{\"@type\":\"SearchAction\",\"target\":{\"@type\":\"EntryPoint\",\"urlTemplate\":\"https:\/\/wayava.net\/?s={search_term_string}\"},\"query-input\":\"required name=search_term_string\"}],\"inLanguage\":\"ca\"},{\"@type\":\"Organization\",\"@id\":\"https:\/\/wayava.net\/#organization\",\"name\":\"Wayava estudi de disseny i comunicaci\u00f3\",\"url\":\"https:\/\/wayava.net\/\",\"logo\":{\"@type\":\"ImageObject\",\"inLanguage\":\"ca\",\"@id\":\"https:\/\/wayava.net\/#\/schema\/logo\/image\/\",\"url\":\"https:\/\/wayava.net\/wp-content\/uploads\/LOGO_peke-04.png\",\"contentUrl\":\"https:\/\/wayava.net\/wp-content\/uploads\/LOGO_peke-04.png\",\"width\":129,\"height\":99,\"caption\":\"Wayava estudi de disseny i comunicaci\u00f3\"},\"image\":{\"@id\":\"https:\/\/wayava.net\/#\/schema\/logo\/image\/\"},\"sameAs\":[\"https:\/\/www.instagram.com\/hausita\/\",\"https:\/\/www.linkedin.com\/in\/anna-gimenez-hausmann-89a42516\/\",\"https:\/\/es.pinterest.com\/hausita\/\",\"https:\/\/www.facebook.com\/wayava-112930643032\/?fref=ts\"]}]}<\/script>\n<!-- \/ Yoast SEO Premium plugin. -->","yoast_head_json":{"title":"Asesor\u00edas - Wayava estudi de disseny i comunicaci\u00f3","description":"El primer paso es tener la idea de negocio. Y ese ya lo has dado t\u00fa. Wayava te ayudar\u00e1 a concretar tu misi\u00f3n, tu visi\u00f3n y tus valores corporativos y Wayava ofereix una gesti\u00f3 de la comunicaci\u00f3 completa, personalitzada i eficient. Entenent per gesti\u00f3 de la comunicaci\u00f3 des de l\u2019estudi de la necessitat que t\u00e9 el client, la creativitat i la planificaci\u00f3; fins al disseny del projecte i la producci\u00f3. ANIMA\u2019T, TREBALLEM JUNTS!","robots":{"index":"index","follow":"follow","max-snippet":"max-snippet:-1","max-image-preview":"max-image-preview:large","max-video-preview":"max-video-preview:-1"},"canonical":"https:\/\/wayava.net\/?page_id=16929","og_locale":"ca_ES","og_type":"article","og_title":"Asesor\u00edas","og_description":"El primer paso es tener la idea de negocio. Y ese ya lo has dado t\u00fa. Wayava te ayudar\u00e1 a concretar tu misi\u00f3n, tu visi\u00f3n y tus valores corporativos y Wayava ofereix una gesti\u00f3 de la comunicaci\u00f3 completa, personalitzada i eficient. Entenent per gesti\u00f3 de la comunicaci\u00f3 des de l\u2019estudi de la necessitat que t\u00e9 el client, la creativitat i la planificaci\u00f3; fins al disseny del projecte i la producci\u00f3. ANIMA\u2019T, TREBALLEM JUNTS!","og_url":"https:\/\/wayava.net\/?page_id=16929&lang=es","og_site_name":"Wayava estudi de disseny i comunicaci\u00f3","article_publisher":"https:\/\/www.facebook.com\/wayava-112930643032\/?fref=ts","article_modified_time":"2017-04-27T08:12:38+00:00","twitter_card":"summary_large_image","twitter_misc":{"Temps estimat de lectura":"3 minuts"},"schema":{"@context":"https:\/\/schema.org","@graph":[{"@type":"WebPage","@id":"https:\/\/wayava.net\/?page_id=16929&lang=es","url":"https:\/\/wayava.net\/?page_id=16929&lang=es","name":"Asesor\u00edas - Wayava estudi de disseny i comunicaci\u00f3","isPartOf":{"@id":"https:\/\/wayava.net\/#website"},"datePublished":"2016-11-15T12:52:41+00:00","dateModified":"2017-04-27T08:12:38+00:00","description":"El primer paso es tener la idea de negocio. Y ese ya lo has dado t\u00fa. Wayava te ayudar\u00e1 a concretar tu misi\u00f3n, tu visi\u00f3n y tus valores corporativos y Wayava ofereix una gesti\u00f3 de la comunicaci\u00f3 completa, personalitzada i eficient. Entenent per gesti\u00f3 de la comunicaci\u00f3 des de l\u2019estudi de la necessitat que t\u00e9 el client, la creativitat i la planificaci\u00f3; fins al disseny del projecte i la producci\u00f3. ANIMA\u2019T, TREBALLEM JUNTS!","breadcrumb":{"@id":"https:\/\/wayava.net\/?page_id=16929&lang=es#breadcrumb"},"inLanguage":"ca","potentialAction":[{"@type":"ReadAction","target":["https:\/\/wayava.net\/?page_id=16929&lang=es"]}]},{"@type":"BreadcrumbList","@id":"https:\/\/wayava.net\/?page_id=16929&lang=es#breadcrumb","itemListElement":[{"@type":"ListItem","position":1,"name":"Home","item":"https:\/\/wayava.net\/"},{"@type":"ListItem","position":2,"name":"Asesor\u00edas"}]},{"@type":"WebSite","@id":"https:\/\/wayava.net\/#website","url":"https:\/\/wayava.net\/","name":"Wayava estudi de disseny i comunicaci\u00f3","description":"estudi de disseny gr\u00e0fic i comunicaci\u00f3 de Barcelona","publisher":{"@id":"https:\/\/wayava.net\/#organization"},"potentialAction":[{"@type":"SearchAction","target":{"@type":"EntryPoint","urlTemplate":"https:\/\/wayava.net\/?s={search_term_string}"},"query-input":"required name=search_term_string"}],"inLanguage":"ca"},{"@type":"Organization","@id":"https:\/\/wayava.net\/#organization","name":"Wayava estudi de disseny i comunicaci\u00f3","url":"https:\/\/wayava.net\/","logo":{"@type":"ImageObject","inLanguage":"ca","@id":"https:\/\/wayava.net\/#\/schema\/logo\/image\/","url":"https:\/\/wayava.net\/wp-content\/uploads\/LOGO_peke-04.png","contentUrl":"https:\/\/wayava.net\/wp-content\/uploads\/LOGO_peke-04.png","width":129,"height":99,"caption":"Wayava estudi de disseny i comunicaci\u00f3"},"image":{"@id":"https:\/\/wayava.net\/#\/schema\/logo\/image\/"},"sameAs":["https:\/\/www.instagram.com\/hausita\/","https:\/\/www.linkedin.com\/in\/anna-gimenez-hausmann-89a42516\/","https:\/\/es.pinterest.com\/hausita\/","https:\/\/www.facebook.com\/wayava-112930643032\/?fref=ts"]}]}},"_links":{"self":[{"href":"https:\/\/wayava.net\/index.php?rest_route=\/wp\/v2\/pages\/16929"}],"collection":[{"href":"https:\/\/wayava.net\/index.php?rest_route=\/wp\/v2\/pages"}],"about":[{"href":"https:\/\/wayava.net\/index.php?rest_route=\/wp\/v2\/types\/page"}],"author":[{"embeddable":true,"href":"https:\/\/wayava.net\/index.php?rest_route=\/wp\/v2\/users\/1"}],"replies":[{"embeddable":true,"href":"https:\/\/wayava.net\/index.php?rest_route=%2Fwp%2Fv2%2Fcomments&post=16929"}],"version-history":[{"count":62,"href":"https:\/\/wayava.net\/index.php?rest_route=\/wp\/v2\/pages\/16929\/revisions"}],"predecessor-version":[{"id":17494,"href":"https:\/\/wayava.net\/index.php?rest_route=\/wp\/v2\/pages\/16929\/revisions\/17494"}],"wp:attachment":[{"href":"https:\/\/wayava.net\/index.php?rest_route=%2Fwp%2Fv2%2Fmedia&parent=16929"}],"curies":[{"name":"wp","href":"https:\/\/api.w.org\/{rel}","templated":true}]}}